{"id":499,"date":"2020-10-28T11:23:55","date_gmt":"2020-10-28T10:23:55","guid":{"rendered":"https:\/\/www.chu-tours.fr\/cancerologie\/?page_id=499"},"modified":"2020-10-28T11:33:31","modified_gmt":"2020-10-28T10:33:31","slug":"la-recherche-en-cancerologie","status":"publish","type":"page","link":"https:\/\/www.chu-tours.fr\/cancerologie\/la-recherche-en-cancerologie\/","title":{"rendered":"La recherche en canc\u00e9rologie"},"content":{"rendered":"\t\t<div data-elementor-type=\"wp-page\" data-elementor-id=\"499\" class=\"elementor elementor-499\" data-elementor-post-type=\"page\">\n\t\t\t\t\t\t<section class=\"elementor-section elementor-top-section elementor-element elementor-element-7c511dd elementor-section-boxed elementor-section-height-default elementor-section-height-default\" data-id=\"7c511dd\" data-element_type=\"section\">\n\t\t\t\t\t\t<div class=\"elementor-container elementor-column-gap-default\">\n\t\t\t\t\t<div class=\"elementor-column elementor-col-100 elementor-top-column elementor-element elementor-element-e8e687f\" data-id=\"e8e687f\" data-element_type=\"column\">\n\t\t\t<div class=\"elementor-widget-wrap\">\n\t\t\t\t\t\t\t<\/div>\n\t\t<\/div>\n\t\t\t\t\t<\/div>\n\t\t<\/section>\n\t\t\t\t<section class=\"elementor-section elementor-top-section elementor-element elementor-element-5e14ddb elementor-section-boxed elementor-section-height-default elementor-section-height-default\" data-id=\"5e14ddb\" data-element_type=\"section\">\n\t\t\t\t\t\t<div class=\"elementor-container elementor-column-gap-default\">\n\t\t\t\t\t<div class=\"elementor-column elementor-col-50 elementor-top-column elementor-element elementor-element-b6d4d38\" data-id=\"b6d4d38\" data-element_type=\"column\">\n\t\t\t<div class=\"elementor-widget-wrap elementor-element-populated\">\n\t\t\t\t\t\t<div class=\"elementor-element elementor-element-68706a02 elementor-widget elementor-widget-text-editor\" data-id=\"68706a02\" data-element_type=\"widget\" data-widget_type=\"text-editor.default\">\n\t\t\t\t<div class=\"elementor-widget-container\">\n\t\t\t\t\t\t\t<h2>La recherche fondamentale<\/h2><p>La <strong>recherche fondamental<\/strong>e \u00e9tudie les maladies, leur dysfonctionnement et \u00e9labore les m\u00e9dicaments en laboratoire. Elle a aujourd\u2019hui devant elle un champ d\u2019investigations consid\u00e9rable en canc\u00e9rologie (<a href=\"http:\/\/www.canceropole-grandouest.com\/\" target=\"_blank\" rel=\"noopener\">consulter le site du Canc\u00e9rop\u00f4le du Grand Ouest<\/a>) .<\/p><p>En effet, le concept de dysfonctionnement cibl\u00e9 \u00e0 l\u2019origine de la transformation canc\u00e9reuse d\u2019une cellule conduit \u00e0 d\u00e9couvrir des centaines voire des milliers d\u2019anomalies dont chacune est sp\u00e9cifique d\u2019un type de cancer. Chaque laboratoire de recherche fondamentale, dans ce domaine, se consacre \u00e0 \u00e9tudier,\u00a0le plus souvent, un seul dysfonctionnement pour trouver la correction ou l\u2019antidote du cancer correspondant.\u00a0Cette immense base de connaissances est aujourd\u2019hui universelle et interactive gr\u00e2ce aux \u00e9changes entre chercheurs, aux publications et aux r\u00e9unions scientifiques.<\/p><p>Parmi les \u00e9quipes reconnues par le minist\u00e8re de la recherche, plus du tiers des \u00e9quipes de la facult\u00e9 de m\u00e9decine sont des \u00e9quipes travaillant dans le domaine de la canc\u00e9rologie\u00a0:<\/p><ol><li>L\u2019\u00e9quipe CNRS 7292 \u00ab\u00a0Groupe Innovation et Ciblage Cellulaire \u00bb\u00a0 avec plusieurs composantes qui travaillent tous dans le domaine de la canc\u00e9rologie\u00a0:<ul><li>La synth\u00e8se et le m\u00e9canisme d\u2019action d\u2019anticorps monoclonaux dirig\u00e9s vers les cellules canc\u00e9reuses<\/li><li>La pharmaco-cin\u00e9tique ( \u00a0\u00a0) des anticorps monoclonaux<\/li><li>Le m\u00e9canisme d\u2019action des cellules de l\u2019environnement tumoral sur la pousse des cellules tumorales, notamment dans les leuc\u00e9mies<\/li><li>La synth\u00e8se de nouveaux m\u00e9dicaments anti-tumoraux<\/li><\/ul><\/li><li>L\u2019unit\u00e9 INSERM\u00a0 U 1069 \u00ab\u00a0Nutrition, Croissance et Cancer\u00a0\u00bb qui travaille sur\u00a0l&#8217;impact de la nutrition et des lipides alimentaires sur la progression de certains cancers.<\/li><li>Deux autres \u00e9quipes, non d\u00e9di\u00e9es sp\u00e9cifiquement au cancer ont des th\u00e9matiques s\u2019y rattachant :<ul><li>L\u2019unit\u00e9 INSERM U 1259 \u00ab Morphog\u00e9n\u00e8se et antig\u00e9nicit\u00e9 du VIH et des virus des h\u00e9patites\u00a0 qui \u00e9tudie le r\u00f4le des virus des h\u00e9patites dans la survenue des cancers du foie<\/li><li>L\u2019unit\u00e9 INSERM U 1100 \u00ab Centre d\u2019Etudes des Pathologies respiratoires \u00bb qui \u00e9tudie la possibilit\u00e9 de traiter les cancers du poumon par n\u00e9bulisation de m\u00e9dicaments de chimioth\u00e9rapie.<\/li><\/ul><\/li><\/ol><h2>La recherche clinique<\/h2><p>Les traitements d\u2019aujourd\u2019hui ont consid\u00e9rablement b\u00e9n\u00e9fici\u00e9 de la recherche qui a \u00e9t\u00e9 r\u00e9alis\u00e9e au cours des derni\u00e8res d\u00e9cennies, et l\u2019esp\u00e9rance de vie avec un cancer a \u00e9t\u00e9 significativement prolong\u00e9e dans de nombreuses pathologies.<\/p><p>Elle permet aux malades de b\u00e9n\u00e9ficier des meilleurs traitements et d\u2019avoir acc\u00e8s \u00e0 de nouveaux m\u00e9dicaments impossibles \u00e0 obtenir hors du champ th\u00e9rapeutique des \u00e9tudes cliniques. Elle donne acc\u00e8s \u00e0 l\u2019innovation biologique pour am\u00e9liorer le diagnostic, le pronostic et le suivi des maladies.<\/p><p>Pour arriver \u00e0 ces r\u00e9sultats, qui sont toujours perfectibles, plusieurs dizaines de milliers de malades ont accept\u00e9 de participer \u00e0 des protocoles de recherche clinique, aussi appel\u00e9s essais cliniques.<\/p><p><span style=\"text-decoration: underline;\">Qu\u2019est-ce qu\u2019un essai clinique ?<\/span><\/p><p>C\u2019est l\u2019\u00e9valuation :<\/p><ul><li>de nouveaux m\u00e9dicaments ou nouvelles association de m\u00e9dicaments (contre la maladie ou ses effets secondaires) visant \u00e0 am\u00e9liorer encore les r\u00e9sultats des traitements<\/li><li>de nouvelles fa\u00e7ons de les administrer (par exemple un comprim\u00e9 plut\u00f4t qu\u2019une injection)<\/li><li>de nouvelles techniques de traitement (nouveau type d\u2019op\u00e9ration chirurgicale ou de radioth\u00e9rapie)<\/li><\/ul><p><span style=\"text-decoration: underline;\">Le d\u00e9roulement d\u2019un essai clinique<\/span><\/p><ul><li>Apr\u00e8s un accord l\u00e9gal de deux organismes de contr\u00f4le (Agence Nationale de S\u00e9curit\u00e9 du M\u00e9dicament et Comit\u00e9 de Protection des Personnes)<\/li><li>Proposition de participation au patient selon des crit\u00e8res d\u00e9finis par chaque essai<\/li><li>Signature du consentement \u00e9clair\u00e9 par le patient et le m\u00e9decin<\/li><li>Surveillance du patient (recueil de tous les effets secondaires)<\/li><li>Des r\u00e9sultats indispensables \u00e0 la d\u00e9couverte de nouvelles strat\u00e9gies th\u00e9rapeutiques qui pourront b\u00e9n\u00e9ficier \u00e0 un grand nombre de personnes touch\u00e9es par le cancer<\/li><li><span style=\"text-decoration: underline;\">Une \u00e9quipe m\u00e9dicale proche du patient<\/span> :\u00a0m\u00e9decins, attach\u00e9s de recherche clinique, infirmi\u00e8res de recherche clinique dynamique, disponible, \u00e0 l\u2019\u00e9coute\u00a0<\/li><\/ul><p><span style=\"text-decoration: underline;\">B\u00e9n\u00e9fices et contraintes<\/span><\/p><p><strong>B\u00e9n\u00e9fices<\/strong><\/p><ul><li>Acc\u00e8s \u00e0 un traitement innovant<\/li><li>\u00c9quipe d\u00e9di\u00e9<\/li><li>Suivi adapt\u00e9 et rigoureux<\/li><\/ul><p><strong>Contraintes<\/strong><\/p><ul><li>Visites suppl\u00e9mentaires<\/li><li>Examens suppl\u00e9mentaires<\/li><li>Respect du calendrier de l\u2019essai\u00a0<\/li><\/ul><p><span style=\"text-decoration: underline;\">La recherche clinique en canc\u00e9rologie au CHRU de Tours<\/span><\/p><p>C\u2019est actuellement X essais cliniques en cours, soit environ 1\/3 de toute la recherche clinique du CHRU de Tours, tous essais confondus ; cela repr\u00e9sente plusieurs centaines de patients atteints de cancers qui sont inclus chaque ann\u00e9e dans ces essais.<\/p><p>Dans\u00a0 X\u00a0 essais, le coordinateur est un canc\u00e9rologue du CHRU.<\/p>\t\t\t\t\t\t<\/div>\n\t\t\t\t<\/div>\n\t\t\t\t\t<\/div>\n\t\t<\/div>\n\t\t\t\t<div class=\"elementor-column elementor-col-50 elementor-top-column elementor-element elementor-element-4a57214\" data-id=\"4a57214\" data-element_type=\"column\">\n\t\t\t<div class=\"elementor-widget-wrap\">\n\t\t\t\t\t\t\t<\/div>\n\t\t<\/div>\n\t\t\t\t\t<\/div>\n\t\t<\/section>\n\t\t\t\t<\/div>\n\t\t","protected":false},"excerpt":{"rendered":"<p>Home La recherche fondamentale La recherche fondamentale \u00e9tudie les maladies, leur dysfonctionnement et \u00e9labore les m\u00e9dicaments en laboratoire. Elle a aujourd\u2019hui devant elle un champ d\u2019investigations consid\u00e9rable en canc\u00e9rologie (consulter le site du Canc\u00e9rop\u00f4le du Grand Ouest) . En effet, le concept de dysfonctionnement cibl\u00e9 \u00e0 l\u2019origine de la transformation canc\u00e9reuse d\u2019une cellule conduit \u00e0 [&hellip;]<\/p>\n","protected":false},"author":4,"featured_media":0,"parent":0,"menu_order":0,"comment_status":"closed","ping_status":"closed","template":"","meta":{"_seopress_robots_primary_cat":"","_seopress_titles_title":"CHRU de Tours. Canc\u00e9rologie. La recherche en canc\u00e9rologie.","_seopress_titles_desc":"La recherche fondamentale \u00e9tudie les maladies, leur dysfonctionnement et \u00e9labore les m\u00e9dicaments en laboratoire. Elle a aujourd\u2019hui devant elle un champ d\u2019investigations consid\u00e9rable en canc\u00e9rologie. Les traitements d\u2019aujourd\u2019hui ont consid\u00e9rablement b\u00e9n\u00e9fici\u00e9 de la recherche qui a \u00e9t\u00e9 r\u00e9alis\u00e9e au cours des derni\u00e8res d\u00e9cennies, et l\u2019esp\u00e9rance de vie avec un cancer a \u00e9t\u00e9 significativement prolong\u00e9e dans de nombreuses pathologies.","_seopress_robots_index":"","_exactmetrics_skip_tracking":false,"_exactmetrics_sitenote_active":false,"_exactmetrics_sitenote_note":"","_exactmetrics_sitenote_category":0,"_genesis_hide_title":false,"_genesis_hide_breadcrumbs":false,"_genesis_hide_singular_image":false,"_genesis_hide_footer_widgets":false,"_genesis_custom_body_class":"","_genesis_custom_post_class":"","_genesis_layout":"","footnotes":""},"publishpress_future_action":{"enabled":false,"date":"2026-05-20 19:41:03","action":"change-status","newStatus":"draft","terms":[],"taxonomy":""},"_links":{"self":[{"href":"https:\/\/www.chu-tours.fr\/cancerologie\/wp-json\/wp\/v2\/pages\/499"}],"collection":[{"href":"https:\/\/www.chu-tours.fr\/cancerologie\/wp-json\/wp\/v2\/pages"}],"about":[{"href":"https:\/\/www.chu-tours.fr\/cancerologie\/wp-json\/wp\/v2\/types\/page"}],"author":[{"embeddable":true,"href":"https:\/\/www.chu-tours.fr\/cancerologie\/wp-json\/wp\/v2\/users\/4"}],"replies":[{"embeddable":true,"href":"https:\/\/www.chu-tours.fr\/cancerologie\/wp-json\/wp\/v2\/comments?post=499"}],"version-history":[{"count":5,"href":"https:\/\/www.chu-tours.fr\/cancerologie\/wp-json\/wp\/v2\/pages\/499\/revisions"}],"predecessor-version":[{"id":505,"href":"https:\/\/www.chu-tours.fr\/cancerologie\/wp-json\/wp\/v2\/pages\/499\/revisions\/505"}],"wp:attachment":[{"href":"https:\/\/www.chu-tours.fr\/cancerologie\/wp-json\/wp\/v2\/media?parent=499"}],"curies":[{"name":"wp","href":"https:\/\/api.w.org\/{rel}","templated":true}]}}