{"id":474,"date":"2020-10-28T10:36:20","date_gmt":"2020-10-28T09:36:20","guid":{"rendered":"https:\/\/www.chu-tours.fr\/cancerologie\/?page_id=474"},"modified":"2025-09-26T14:10:37","modified_gmt":"2025-09-26T12:10:37","slug":"soins-de-support-les-soins-palliatifs","status":"publish","type":"page","link":"https:\/\/www.chu-tours.fr\/cancerologie\/les-soins-de-supports\/soins-de-support-les-soins-palliatifs\/","title":{"rendered":"Soins de support &#8211; Les soins palliatifs"},"content":{"rendered":"\t\t<div data-elementor-type=\"wp-page\" data-elementor-id=\"474\" class=\"elementor elementor-474\" data-elementor-post-type=\"page\">\n\t\t\t\t\t\t<section class=\"elementor-section elementor-top-section elementor-element elementor-element-7c511dd elementor-section-boxed elementor-section-height-default elementor-section-height-default\" data-id=\"7c511dd\" data-element_type=\"section\">\n\t\t\t\t\t\t<div class=\"elementor-container elementor-column-gap-default\">\n\t\t\t\t\t<div class=\"elementor-column elementor-col-100 elementor-top-column elementor-element elementor-element-e8e687f\" data-id=\"e8e687f\" data-element_type=\"column\">\n\t\t\t<div class=\"elementor-widget-wrap\">\n\t\t\t\t\t\t\t<\/div>\n\t\t<\/div>\n\t\t\t\t\t<\/div>\n\t\t<\/section>\n\t\t\t\t<section class=\"elementor-section elementor-top-section elementor-element elementor-element-5e03a25 elementor-section-boxed elementor-section-height-default elementor-section-height-default\" data-id=\"5e03a25\" data-element_type=\"section\">\n\t\t\t\t\t\t<div class=\"elementor-container elementor-column-gap-default\">\n\t\t\t\t\t<div class=\"elementor-column elementor-col-100 elementor-top-column elementor-element elementor-element-8b4e8c2\" data-id=\"8b4e8c2\" data-element_type=\"column\">\n\t\t\t<div class=\"elementor-widget-wrap elementor-element-populated\">\n\t\t\t\t\t\t<div class=\"elementor-element elementor-element-e03e81f elementor-widget elementor-widget-heading\" data-id=\"e03e81f\" data-element_type=\"widget\" data-widget_type=\"heading.default\">\n\t\t\t\t<div class=\"elementor-widget-container\">\n\t\t\t<h2 class=\"elementor-heading-title elementor-size-default\">Unit\u00e9 Mobile d'Accompagnement et de Soins Palliatifs (UMASP)<\/h2>\t\t<\/div>\n\t\t\t\t<\/div>\n\t\t\t\t<div class=\"elementor-element elementor-element-fbbd485 elementor-widget elementor-widget-text-editor\" data-id=\"fbbd485\" data-element_type=\"widget\" data-widget_type=\"text-editor.default\">\n\t\t\t\t<div class=\"elementor-widget-container\">\n\t\t\t\t\t\t\t<blockquote><p><em>\u00ab\u00a0Les soins palliatifs sont des soins actifs dans une approche globale de la personne atteinte d\u2019une maladie grave, \u00e9volutive ou terminale. Leur objectif est de soulager les douleurs physiques ainsi que les autres sympt\u00f4mes et de prendre en compte la souffrance psychologique, sociale et spirituelle.\u00a0\u00bb<\/em><\/p><p style=\"text-align: right;\">~ (d\u00e9finition de la SFAP \u2013 1996)<\/p><\/blockquote>\t\t\t\t\t\t<\/div>\n\t\t\t\t<\/div>\n\t\t\t\t\t<\/div>\n\t\t<\/div>\n\t\t\t\t\t<\/div>\n\t\t<\/section>\n\t\t\t\t<section class=\"elementor-section elementor-top-section elementor-element elementor-element-5e14ddb elementor-section-boxed elementor-section-height-default elementor-section-height-default\" data-id=\"5e14ddb\" data-element_type=\"section\">\n\t\t\t\t\t\t<div class=\"elementor-container elementor-column-gap-default\">\n\t\t\t\t\t<div class=\"elementor-column elementor-col-50 elementor-top-column elementor-element elementor-element-b6d4d38\" data-id=\"b6d4d38\" data-element_type=\"column\">\n\t\t\t<div class=\"elementor-widget-wrap elementor-element-populated\">\n\t\t\t\t\t\t<div class=\"elementor-element elementor-element-68706a02 elementor-widget elementor-widget-text-editor\" data-id=\"68706a02\" data-element_type=\"widget\" data-widget_type=\"text-editor.default\">\n\t\t\t\t<div class=\"elementor-widget-container\">\n\t\t\t\t\t\t\t<p>L\u2019UMASP est une \u00e9quipe pluri-professionnelle qui travaille en interdisciplinarit\u00e9. Elle est compos\u00e9e de m\u00e9decins, cadre de sant\u00e9, infirmi\u00e8res, psychologues, assistante sociale et\u00a0 secr\u00e9taire.<\/p><p>L\u2019\u00e9quipe mobile de soins palliatifs se d\u00e9place dans tous les services du CHRU de TOURS, au lit du patient et aupr\u00e8s des soignants, \u00e0 la demande des professionnels de soins. Ses membres ne pratiquent pas directement d\u2019actes de soins. Elle a une activit\u00e9 transversale au sein de l\u2019\u00e9tablissement. Elle exerce un r\u00f4le de conseil et de soutien aupr\u00e8s des \u00e9quipes soignantes et participe \u00e0 la diffusion de la d\u00e9marche palliative au sein de l\u2019\u00e9tablissement.<\/p><p>Les missions de l\u2019UMASP se d\u00e9clinent autour de 3 axes\u00a0:<\/p><ul><li><strong>Clinique\u00a0<\/strong>:<ul><li>aide \u00e0 la prise en charge de la douleur, des sympt\u00f4mes g\u00eanants ;<\/li><li>prise en charge de la souffrance psychologique ;<\/li><li>soutien psycho social ;<\/li><li>aide \u00e0 la d\u00e9cision \u00e9thique.<\/li><\/ul><\/li><li><strong>Formation<\/strong> :<ul><li>actions de formation \u00e0 toutes les cat\u00e9gories professionnelles du CHRU ;<\/li><li>fonction de formation aupr\u00e8s des \u00e9quipes soignantes.<\/li><\/ul><\/li><li><strong>Recherche<\/strong> :<ul><li>d\u00e9velopper la recherche dans le domaine biom\u00e9dical et sciences humaines.<\/li><\/ul><\/li><\/ul><p><strong>Les sp\u00e9cificit\u00e9s de l\u2019activit\u00e9 sont en fonction du r\u00f4le des professionnels de l\u2019\u00e9quipe mobile<\/strong> :<\/p><ul><li>Les m\u00e9decins et les infirmi\u00e8res travaillent en bin\u00f4me sur tout l\u2019\u00e9tablissement. Ils \u00e9valuent les demandes lors de visites initiales et font intervenir les autres membres de l\u2019\u00e9quipe en fonction des besoins du patient. Ce bin\u00f4me a un r\u00f4le de conseil th\u00e9rapeutique aupr\u00e8s des soignants et m\u00e9decins des services demandeurs, d\u2019accompagnement du patient et \/ou de sa famille.<\/li><li>L\u2019assistante sociale oriente son action en premier lieu sur le maintien \u00e0 domicile pour pallier aux r\u00e9percussions de la maladie sur l\u2019organisation familiale, la situation professionnelle et financi\u00e8re du patient. Elle va organiser les retours \u00e0 domicile apr\u00e8s hospitalisation et intervenir pour la pr\u00e9paration du d\u00e9c\u00e8s et dans le cadre du suivi de deuil.<\/li><li>Les psychologues interviennent sous r\u00e9serve d\u2019accord du patient et\/ou de sa famille. Les entretiens psychologiques peuvent se d\u00e9rouler soit dans les services, soit dans les locaux de l\u2019UMASP (consultations externes). Ces consultations externes permettent au patient de b\u00e9n\u00e9ficier d\u2019un soutien psychologique au cours de la maladie et d\u2019un soutien psychologique pour les familles. Les suivis de deuil font partie des missions des Equipes Mobiles de Soins Palliatifs. Il\u00a0 s\u2018agit d\u2019accompagner dans leur processus de deuil les proches qui le demandent. L\u2019\u00e9quipe de l\u2019UMASP a fait le choix de d\u00e9velopper l\u2019offre de soins aupr\u00e8s des enfants\u00a0 dont un membre de la\u00a0 famille est malade, en phase palliative et de faire des suivis de deuil des enfants.<\/li><li>La secr\u00e9taire de l\u2019UMASP est l\u2019\u00e9l\u00e9ment pivot de l\u2019\u00e9quipe. Elle centralise et analyse toutes les demandes provenant des services ou de patients elle les oriente en fonction de la situation vers d\u2019autres \u00e9quipes des soins palliatifs. Elle expose les situations aux membres de l\u2019\u00e9quipe qui d\u00e9cideront d\u2019envoyer le bin\u00f4me adapt\u00e9.<\/li><\/ul><p>L\u2019UMASP participe r\u00e9guli\u00e8rement aux staffs pluridisciplinaires des services de soins surtout ceux ayant des Lits Identifi\u00e9s de Soins Palliatifs. Ce sont des staffs hebdomadaires d\u2019h\u00e9matologie, d\u2019Oncologie m\u00e9dicale, d\u2019Onco-Gastroent\u00e9rologie et Dermatologie ; bimestriel pour le staff de Neurologie. Pour les services d\u2019ORL, Gyn\u00e9co, m\u00e9decine, h\u00f4pital Clocheville et psychiatrie, la participation aux staffs est sur la demande du service.<\/p><p>L\u2019UMASP est une des \u00e9quipes mobiles du r\u00e9seau de Soins palliatifs de la R\u00e9gion Centre. L\u2019\u00e9quipe est amen\u00e9e \u00e0 travailler en collaboration avec d\u2019autres \u00e9quipes de soins palliatifs. Sur le d\u00e9partement d\u2019Indre et Loire, l\u2019UMASP est en lien avec l\u2019EADSP 37 et l\u2019Unit\u00e9 de Soins Palliatifs du CH de LUYNES. L\u2019UMASP et l\u2019EADSP travaillent conjointement car ils sont rapproch\u00e9s g\u00e9ographiquement. Des r\u00e9unions de coop\u00e9ration UMASP-EADSP-USP ont \u00e9t\u00e9 instaur\u00e9es afin d\u2019analyser, de discuter et d\u2019organiser le suivi de certains patients posant des probl\u00e9matiques particuli\u00e8res.<\/p><p>La F\u00e9d\u00e9ration Inter Hospitalo-Universitaire de Soins Palliatifs (FIHUSP) entre le CHRU de TOURS et le CH de LUYNES a \u00e9t\u00e9 mise en place en mai 2016. L\u2019objectif de la FIHUSP est de favoriser la visibilit\u00e9 des \u00e9quipes de soins palliatifs sur le plan institutionnel, de poursuivre la diffusion de la d\u00e9marche palliative de mani\u00e8re conjointe dans les 2 centres hospitaliers ; de favoriser la formation des professionnels de sant\u00e9 hospitaliers, en EHPAD et en \u00e9tablissements m\u00e9dico-sociaux et \u00e9galement de soutenir des projets de recherche communs aux 3 \u00e9quipes.<\/p>\t\t\t\t\t\t<\/div>\n\t\t\t\t<\/div>\n\t\t\t\t\t<\/div>\n\t\t<\/div>\n\t\t\t\t<div class=\"elementor-column elementor-col-50 elementor-top-column elementor-element elementor-element-4a57214\" data-id=\"4a57214\" data-element_type=\"column\">\n\t\t\t<div class=\"elementor-widget-wrap elementor-element-populated\">\n\t\t\t\t\t\t<div class=\"elementor-element elementor-element-82bdfe5 elementor-icon-list--layout-traditional elementor-list-item-link-full_width elementor-widget elementor-widget-icon-list\" data-id=\"82bdfe5\" data-element_type=\"widget\" data-widget_type=\"icon-list.default\">\n\t\t\t\t<div class=\"elementor-widget-container\">\n\t\t\t\t\t<ul class=\"elementor-icon-list-items\">\n\t\t\t\t\t\t\t<li class=\"elementor-icon-list-item\">\n\t\t\t\t\t\t\t\t\t\t\t<span class=\"elementor-icon-list-icon\">\n\t\t\t\t\t\t\t<i aria-hidden=\"true\" class=\"fas fa-info-circle\"><\/i>\t\t\t\t\t\t<\/span>\n\t\t\t\t\t\t\t\t\t\t<span class=\"elementor-icon-list-text\">Informations<\/span>\n\t\t\t\t\t\t\t\t\t<\/li>\n\t\t\t\t\t\t<\/ul>\n\t\t\t\t<\/div>\n\t\t\t\t<\/div>\n\t\t\t\t<div class=\"elementor-element elementor-element-d1b4663 elementor-widget elementor-widget-text-editor\" data-id=\"d1b4663\" data-element_type=\"widget\" data-widget_type=\"text-editor.default\">\n\t\t\t\t<div class=\"elementor-widget-container\">\n\t\t\t\t\t\t\t<p><strong>Coordonn\u00e9es utiles<\/strong><\/p><ul><li><i class=\"fas fa-phone-volume\"><\/i>\u00a0<span style=\"color: #ed1164;\"><strong>B\u00e2timent 47 \u2013 1<sup>er<\/sup> \u00e9tage \u2013 H\u00f4pital Bretonneau<\/strong><\/span><\/li><\/ul>\t\t\t\t\t\t<\/div>\n\t\t\t\t<\/div>\n\t\t\t\t\t<\/div>\n\t\t<\/div>\n\t\t\t\t\t<\/div>\n\t\t<\/section>\n\t\t\t\t<\/div>\n\t\t","protected":false},"excerpt":{"rendered":"<p>Unit\u00e9 Mobile d&#8217;Accompagnement et de Soins Palliatifs (UMASP) \u00ab\u00a0Les soins palliatifs sont des soins actifs dans une approche globale de la personne atteinte d\u2019une maladie grave, \u00e9volutive ou terminale. Leur objectif est de soulager les douleurs physiques ainsi que les autres sympt\u00f4mes et de prendre en compte la souffrance psychologique, sociale et spirituelle.\u00a0\u00bb ~ (d\u00e9finition [&hellip;]<\/p>\n","protected":false},"author":4,"featured_media":0,"parent":377,"menu_order":0,"comment_status":"closed","ping_status":"closed","template":"","meta":{"_seopress_robots_primary_cat":"","_seopress_titles_title":"CHRU de Tours. Canc\u00e9rologie. Les soins de supports. Les soins palliatifs.","_seopress_titles_desc":"L\u2019UMASP est une \u00e9quipe pluri-professionnelle qui travaille en interdisciplinarit\u00e9. Elle est compos\u00e9e de m\u00e9decins, cadre de sant\u00e9, infirmi\u00e8res, psychologues, assistante sociale et  secr\u00e9taire.","_seopress_robots_index":"","_exactmetrics_skip_tracking":false,"_exactmetrics_sitenote_active":false,"_exactmetrics_sitenote_note":"","_exactmetrics_sitenote_category":0,"_genesis_hide_title":false,"_genesis_hide_breadcrumbs":false,"_genesis_hide_singular_image":false,"_genesis_hide_footer_widgets":false,"_genesis_custom_body_class":"","_genesis_custom_post_class":"","_genesis_layout":"","footnotes":""},"publishpress_future_action":{"enabled":false,"date":"2026-05-20 19:40:50","action":"change-status","newStatus":"draft","terms":[],"taxonomy":""},"_links":{"self":[{"href":"https:\/\/www.chu-tours.fr\/cancerologie\/wp-json\/wp\/v2\/pages\/474"}],"collection":[{"href":"https:\/\/www.chu-tours.fr\/cancerologie\/wp-json\/wp\/v2\/pages"}],"about":[{"href":"https:\/\/www.chu-tours.fr\/cancerologie\/wp-json\/wp\/v2\/types\/page"}],"author":[{"embeddable":true,"href":"https:\/\/www.chu-tours.fr\/cancerologie\/wp-json\/wp\/v2\/users\/4"}],"replies":[{"embeddable":true,"href":"https:\/\/www.chu-tours.fr\/cancerologie\/wp-json\/wp\/v2\/comments?post=474"}],"version-history":[{"count":9,"href":"https:\/\/www.chu-tours.fr\/cancerologie\/wp-json\/wp\/v2\/pages\/474\/revisions"}],"predecessor-version":[{"id":650,"href":"https:\/\/www.chu-tours.fr\/cancerologie\/wp-json\/wp\/v2\/pages\/474\/revisions\/650"}],"up":[{"embeddable":true,"href":"https:\/\/www.chu-tours.fr\/cancerologie\/wp-json\/wp\/v2\/pages\/377"}],"wp:attachment":[{"href":"https:\/\/www.chu-tours.fr\/cancerologie\/wp-json\/wp\/v2\/media?parent=474"}],"curies":[{"name":"wp","href":"https:\/\/api.w.org\/{rel}","templated":true}]}}