{"id":443,"date":"2020-10-28T09:46:53","date_gmt":"2020-10-28T08:46:53","guid":{"rendered":"https:\/\/www.chu-tours.fr\/cancerologie\/?page_id=443"},"modified":"2020-10-28T09:50:53","modified_gmt":"2020-10-28T08:50:53","slug":"soins-de-support-la-masso-kinesitherapie","status":"publish","type":"page","link":"https:\/\/www.chu-tours.fr\/cancerologie\/les-soins-de-supports\/soins-de-support-la-masso-kinesitherapie\/","title":{"rendered":"Soins de support &#8211; La masso-kin\u00e9sith\u00e9rapie"},"content":{"rendered":"\t\t<div data-elementor-type=\"wp-page\" data-elementor-id=\"443\" class=\"elementor elementor-443\" data-elementor-post-type=\"page\">\n\t\t\t\t\t\t<section class=\"elementor-section elementor-top-section elementor-element elementor-element-7c511dd elementor-section-boxed elementor-section-height-default elementor-section-height-default\" data-id=\"7c511dd\" data-element_type=\"section\">\n\t\t\t\t\t\t<div class=\"elementor-container elementor-column-gap-default\">\n\t\t\t\t\t<div class=\"elementor-column elementor-col-100 elementor-top-column elementor-element elementor-element-e8e687f\" data-id=\"e8e687f\" data-element_type=\"column\">\n\t\t\t<div class=\"elementor-widget-wrap\">\n\t\t\t\t\t\t\t<\/div>\n\t\t<\/div>\n\t\t\t\t\t<\/div>\n\t\t<\/section>\n\t\t\t\t<section class=\"elementor-section elementor-top-section elementor-element elementor-element-5e03a25 elementor-section-boxed elementor-section-height-default elementor-section-height-default\" data-id=\"5e03a25\" data-element_type=\"section\">\n\t\t\t\t\t\t<div class=\"elementor-container elementor-column-gap-default\">\n\t\t\t\t\t<div class=\"elementor-column elementor-col-100 elementor-top-column elementor-element elementor-element-8b4e8c2\" data-id=\"8b4e8c2\" data-element_type=\"column\">\n\t\t\t<div class=\"elementor-widget-wrap elementor-element-populated\">\n\t\t\t\t\t\t<div class=\"elementor-element elementor-element-fbbd485 elementor-widget elementor-widget-text-editor\" data-id=\"fbbd485\" data-element_type=\"widget\" data-widget_type=\"text-editor.default\">\n\t\t\t\t<div class=\"elementor-widget-container\">\n\t\t\t\t\t\t\t<blockquote><p>Le masseur-kin\u00e9sith\u00e9rapeute est le professionnel de sant\u00e9 sp\u00e9cialis\u00e9 dans la r\u00e9adaptation et le maintien de l\u2019autonomie par le mouvement. Son r\u00f4le principal est de favoriser le maintien de l\u2019ind\u00e9pendance fonctionnelle. Il intervient sur prescription m\u00e9dicale, en partenariat avec les diff\u00e9rents membres de l\u2019\u00e9quipe soignante.<\/p><\/blockquote>\t\t\t\t\t\t<\/div>\n\t\t\t\t<\/div>\n\t\t\t\t\t<\/div>\n\t\t<\/div>\n\t\t\t\t\t<\/div>\n\t\t<\/section>\n\t\t\t\t<section class=\"elementor-section elementor-top-section elementor-element elementor-element-5e14ddb elementor-section-boxed elementor-section-height-default elementor-section-height-default\" data-id=\"5e14ddb\" data-element_type=\"section\">\n\t\t\t\t\t\t<div class=\"elementor-container elementor-column-gap-default\">\n\t\t\t\t\t<div class=\"elementor-column elementor-col-50 elementor-top-column elementor-element elementor-element-b6d4d38\" data-id=\"b6d4d38\" data-element_type=\"column\">\n\t\t\t<div class=\"elementor-widget-wrap elementor-element-populated\">\n\t\t\t\t\t\t<div class=\"elementor-element elementor-element-68706a02 elementor-widget elementor-widget-text-editor\" data-id=\"68706a02\" data-element_type=\"widget\" data-widget_type=\"text-editor.default\">\n\t\t\t\t<div class=\"elementor-widget-container\">\n\t\t\t\t\t\t\t<p>Apr\u00e8s la r\u00e9alisation d\u2019un bilan, le masseur-kin\u00e9sith\u00e9rapeute propose au patient une prise en charge individuelle et adapt\u00e9e tenant compte de son \u00e2ge, de sa pathologie, de son \u00e9tat physique et de ses ant\u00e9c\u00e9dents m\u00e9dicaux.<\/p><p>La pratique r\u00e9guli\u00e8re d\u2019une activit\u00e9 physique permet de r\u00e9adapter progressivement le corps \u00e0 l\u2019effort. Les syst\u00e8mes cardio-respiratoires, digestifs et musculo-squelettiques sont plus particuli\u00e8rement sollicit\u00e9s lors des exercices propos\u00e9s par le masseur-kin\u00e9sith\u00e9rapeute.<\/p><p>Les exercices propos\u00e9s comportent mobilisations passives, actives ainsi que des activit\u00e9s gymniques afin de limiter les effets de l\u2019alitement ou de la fatigue li\u00e9s aux traitements. Par ailleurs, la fatigue physique li\u00e9e \u00e0 la reprise d\u2019une activit\u00e9 permet de favoriser un sommeil r\u00e9parateur.<\/p><p>Si pour des raisons m\u00e9dicales, le patient doit rester alit\u00e9, des exercices gymniques et\/ou respiratoires en position allong\u00e9e peuvent \u00eatre effectu\u00e9s. A l\u2019issue de cette p\u00e9riode, le masseur-kin\u00e9sith\u00e9rapeute r\u00e9alise une verticalisation progressive sur table selon un protocole prescrit par les m\u00e9decins du service de M\u00e9decine Physique et de R\u00e9adaptation (MPR) ou par les chirurgiens orthop\u00e9distes.<\/p><p>La douleur et l\u2019anxi\u00e9t\u00e9 sont particuli\u00e8rement prises en compte par l\u2019ensemble de l\u2019\u00e9quipe soignante. Le masseurs-kin\u00e9sith\u00e9rapeute r\u00e9alise des techniques adjuvantes comme les massages, la thermoth\u00e9rapie, l\u2019\u00e9lectroth\u00e9rapie, les mobilisations douces ou encore la relaxation en compl\u00e9ment des traitements m\u00e9dicaux.<\/p>\t\t\t\t\t\t<\/div>\n\t\t\t\t<\/div>\n\t\t\t\t\t<\/div>\n\t\t<\/div>\n\t\t\t\t<div class=\"elementor-column elementor-col-50 elementor-top-column elementor-element elementor-element-4a57214\" data-id=\"4a57214\" data-element_type=\"column\">\n\t\t\t<div class=\"elementor-widget-wrap\">\n\t\t\t\t\t\t\t<\/div>\n\t\t<\/div>\n\t\t\t\t\t<\/div>\n\t\t<\/section>\n\t\t\t\t<\/div>\n\t\t","protected":false},"excerpt":{"rendered":"<p>Home Le masseur-kin\u00e9sith\u00e9rapeute est le professionnel de sant\u00e9 sp\u00e9cialis\u00e9 dans la r\u00e9adaptation et le maintien de l\u2019autonomie par le mouvement. Son r\u00f4le principal est de favoriser le maintien de l\u2019ind\u00e9pendance fonctionnelle. Il intervient sur prescription m\u00e9dicale, en partenariat avec les diff\u00e9rents membres de l\u2019\u00e9quipe soignante. Apr\u00e8s la r\u00e9alisation d\u2019un bilan, le masseur-kin\u00e9sith\u00e9rapeute propose au patient [&hellip;]<\/p>\n","protected":false},"author":4,"featured_media":0,"parent":377,"menu_order":0,"comment_status":"closed","ping_status":"closed","template":"","meta":{"_seopress_robots_primary_cat":"","_seopress_titles_title":"CHRU de Tours. Canc\u00e9rologie. Les soins de supports. La masso-kin\u00e9sith\u00e9rapie.","_seopress_titles_desc":"Le masseur-kin\u00e9sith\u00e9rapeute est le professionnel de sant\u00e9 sp\u00e9cialis\u00e9 dans la r\u00e9adaptation et le maintien de l\u2019autonomie par le mouvement. Son r\u00f4le principal est de favoriser le maintien de l\u2019ind\u00e9pendance fonctionnelle. Il intervient sur prescription m\u00e9dicale, en partenariat avec les diff\u00e9rents membres de l\u2019\u00e9quipe soignante.","_seopress_robots_index":"","_exactmetrics_skip_tracking":false,"_exactmetrics_sitenote_active":false,"_exactmetrics_sitenote_note":"","_exactmetrics_sitenote_category":0,"_genesis_hide_title":false,"_genesis_hide_breadcrumbs":false,"_genesis_hide_singular_image":false,"_genesis_hide_footer_widgets":false,"_genesis_custom_body_class":"","_genesis_custom_post_class":"","_genesis_layout":"","footnotes":""},"publishpress_future_action":{"enabled":false,"date":"2026-05-09 19:02:35","action":"change-status","newStatus":"draft","terms":[],"taxonomy":""},"_links":{"self":[{"href":"https:\/\/www.chu-tours.fr\/cancerologie\/wp-json\/wp\/v2\/pages\/443"}],"collection":[{"href":"https:\/\/www.chu-tours.fr\/cancerologie\/wp-json\/wp\/v2\/pages"}],"about":[{"href":"https:\/\/www.chu-tours.fr\/cancerologie\/wp-json\/wp\/v2\/types\/page"}],"author":[{"embeddable":true,"href":"https:\/\/www.chu-tours.fr\/cancerologie\/wp-json\/wp\/v2\/users\/4"}],"replies":[{"embeddable":true,"href":"https:\/\/www.chu-tours.fr\/cancerologie\/wp-json\/wp\/v2\/comments?post=443"}],"version-history":[{"count":5,"href":"https:\/\/www.chu-tours.fr\/cancerologie\/wp-json\/wp\/v2\/pages\/443\/revisions"}],"predecessor-version":[{"id":449,"href":"https:\/\/www.chu-tours.fr\/cancerologie\/wp-json\/wp\/v2\/pages\/443\/revisions\/449"}],"up":[{"embeddable":true,"href":"https:\/\/www.chu-tours.fr\/cancerologie\/wp-json\/wp\/v2\/pages\/377"}],"wp:attachment":[{"href":"https:\/\/www.chu-tours.fr\/cancerologie\/wp-json\/wp\/v2\/media?parent=443"}],"curies":[{"name":"wp","href":"https:\/\/api.w.org\/{rel}","templated":true}]}}