{"id":425,"date":"2020-10-27T16:19:56","date_gmt":"2020-10-27T15:19:56","guid":{"rendered":"https:\/\/www.chu-tours.fr\/cancerologie\/?page_id=425"},"modified":"2020-10-27T16:34:09","modified_gmt":"2020-10-27T15:34:09","slug":"soins-de-support-le-service-social","status":"publish","type":"page","link":"https:\/\/www.chu-tours.fr\/cancerologie\/les-soins-de-supports\/soins-de-support-le-service-social\/","title":{"rendered":"Soins de support &#8211; Le service social"},"content":{"rendered":"\t\t<div data-elementor-type=\"wp-page\" data-elementor-id=\"425\" class=\"elementor elementor-425\" data-elementor-post-type=\"page\">\n\t\t\t\t\t\t<section class=\"elementor-section elementor-top-section elementor-element elementor-element-7c511dd elementor-section-boxed elementor-section-height-default elementor-section-height-default\" data-id=\"7c511dd\" data-element_type=\"section\">\n\t\t\t\t\t\t<div class=\"elementor-container elementor-column-gap-default\">\n\t\t\t\t\t<div class=\"elementor-column elementor-col-100 elementor-top-column elementor-element elementor-element-e8e687f\" data-id=\"e8e687f\" data-element_type=\"column\">\n\t\t\t<div class=\"elementor-widget-wrap\">\n\t\t\t\t\t\t\t<\/div>\n\t\t<\/div>\n\t\t\t\t\t<\/div>\n\t\t<\/section>\n\t\t\t\t<section class=\"elementor-section elementor-top-section elementor-element elementor-element-5e14ddb elementor-section-boxed elementor-section-height-default elementor-section-height-default\" data-id=\"5e14ddb\" data-element_type=\"section\">\n\t\t\t\t\t\t<div class=\"elementor-container elementor-column-gap-default\">\n\t\t\t\t\t<div class=\"elementor-column elementor-col-50 elementor-top-column elementor-element elementor-element-b6d4d38\" data-id=\"b6d4d38\" data-element_type=\"column\">\n\t\t\t<div class=\"elementor-widget-wrap elementor-element-populated\">\n\t\t\t\t\t\t<div class=\"elementor-element elementor-element-68706a02 elementor-widget elementor-widget-text-editor\" data-id=\"68706a02\" data-element_type=\"widget\" data-widget_type=\"text-editor.default\">\n\t\t\t\t<div class=\"elementor-widget-container\">\n\t\t\t\t\t\t\t<p>Votre maladie entre dans le cadre des Affections de Longue Dur\u00e9e (ALD) et vous permet de b\u00e9n\u00e9ficier d\u2019une prise en charge \u00e0 100% des soins qui la concerne. Votre mutuelle reste utile pour compl\u00e9ter la prise en charge : forfait journalier, frais suppl\u00e9mentaires de confort\u2026<\/p><p>Cependant, du fait de la fr\u00e9quence et de la dur\u00e9e de vos soins et de vos hospitalisations vous \u00eates peut \u00eatre confront\u00e9s \u00e0 :<\/p><ul><li>Un arr\u00eat de travail pouvant s\u2019accompagner de perte de revenus. Vous pouvez peut \u00eatre b\u00e9n\u00e9ficier de compl\u00e9ments de revenus (par votre entreprise, par votre pr\u00e9voyance).<\/li><li>Des difficult\u00e9s financi\u00e8res du fait de la perte de revenus engendr\u00e9e par la maladie<\/li><li>Des probl\u00e8mes administratifs ou d\u2019acc\u00e8s aux droits pour lesquels vous avez besoin d\u2019\u00eatre accompagn\u00e9s.<\/li><li>Une d\u00e9sorganisation de la vie familiale notamment au cours des hospitalisations (garde d\u2019enfants, conjoint en perte d\u2019autonomie\u2026)<\/li><li>Des difficult\u00e9s de gestion de la vie quotidienne (courses, m\u00e9nage, pr\u00e9paration de repas, maintien de la scolarit\u00e9 pour les \u00e9tudiants\u2026)<\/li><\/ul><p>\u00c0 l\u2019issue des traitements, des questions sur la reprise d\u2019emploi ou de la scolarit\u00e9 peuvent se poser.<\/p><p>Pour \u00eatre \u00e9cout\u00e9, inform\u00e9, conseill\u00e9 pour toutes ces questions, des assistantes sociales sont \u00e0 votre disposition sur vos lieux de soins et peuvent vous rencontrer au cours de vos diff\u00e9rents s\u00e9jours hospitaliers.<\/p>\t\t\t\t\t\t<\/div>\n\t\t\t\t<\/div>\n\t\t\t\t\t<\/div>\n\t\t<\/div>\n\t\t\t\t<div class=\"elementor-column elementor-col-50 elementor-top-column elementor-element elementor-element-4a57214\" data-id=\"4a57214\" data-element_type=\"column\">\n\t\t\t<div class=\"elementor-widget-wrap elementor-element-populated\">\n\t\t\t\t\t\t<div class=\"elementor-element elementor-element-93f4885 elementor-icon-list--layout-traditional elementor-list-item-link-full_width elementor-widget elementor-widget-icon-list\" data-id=\"93f4885\" data-element_type=\"widget\" data-widget_type=\"icon-list.default\">\n\t\t\t\t<div class=\"elementor-widget-container\">\n\t\t\t\t\t<ul class=\"elementor-icon-list-items\">\n\t\t\t\t\t\t\t<li class=\"elementor-icon-list-item\">\n\t\t\t\t\t\t\t\t\t\t\t<span class=\"elementor-icon-list-icon\">\n\t\t\t\t\t\t\t<i aria-hidden=\"true\" class=\"fas fa-phone-volume\"><\/i>\t\t\t\t\t\t<\/span>\n\t\t\t\t\t\t\t\t\t\t<span class=\"elementor-icon-list-text\">Contacter le service<\/span>\n\t\t\t\t\t\t\t\t\t<\/li>\n\t\t\t\t\t\t<\/ul>\n\t\t\t\t<\/div>\n\t\t\t\t<\/div>\n\t\t\t\t<div class=\"elementor-element elementor-element-9128be3 elementor-widget elementor-widget-text-editor\" data-id=\"9128be3\" data-element_type=\"widget\" data-widget_type=\"text-editor.default\">\n\t\t\t\t<div class=\"elementor-widget-container\">\n\t\t\t\t\t\t\t<p>Vous ou vos proches, pouvez les solliciter ou demander au personnel soignant de les contacter :<\/p><ul><li><strong>Service Social Bretonneau<\/strong> :\u00a0<br \/><strong><span style=\"color: #ed1164;\">02 47 47 38 13<\/span><\/strong><\/li><li><strong>Service Social Trousseau : <br \/><span style=\"color: #ed1164;\">02 47 47 59 52<\/span><\/strong><\/li><li><strong>Service Social Clocheville\/Ermitage : <br \/><span style=\"color: #ed1164;\">02 47 47 86 08<\/span><\/strong><\/li><\/ul>\t\t\t\t\t\t<\/div>\n\t\t\t\t<\/div>\n\t\t\t\t\t<\/div>\n\t\t<\/div>\n\t\t\t\t\t<\/div>\n\t\t<\/section>\n\t\t\t\t<\/div>\n\t\t","protected":false},"excerpt":{"rendered":"<p>Home Votre maladie entre dans le cadre des Affections de Longue Dur\u00e9e (ALD) et vous permet de b\u00e9n\u00e9ficier d\u2019une prise en charge \u00e0 100% des soins qui la concerne. Votre mutuelle reste utile pour compl\u00e9ter la prise en charge : forfait journalier, frais suppl\u00e9mentaires de confort\u2026 Cependant, du fait de la fr\u00e9quence et de la [&hellip;]<\/p>\n","protected":false},"author":4,"featured_media":0,"parent":377,"menu_order":0,"comment_status":"closed","ping_status":"closed","template":"","meta":{"_seopress_robots_primary_cat":"","_seopress_titles_title":"CHRU de Tours. Canc\u00e9rologie. Les soins de supports. Le service social.","_seopress_titles_desc":"Votre maladie entre dans le cadre des Affections de Longue Dur\u00e9e (ALD) et vous permet de b\u00e9n\u00e9ficier d\u2019une prise en charge \u00e0 100% des soins qui la concerne. Votre mutuelle reste utile pour compl\u00e9ter la prise en charge : forfait journalier, frais suppl\u00e9mentaires de confort\u2026","_seopress_robots_index":"","_exactmetrics_skip_tracking":false,"_exactmetrics_sitenote_active":false,"_exactmetrics_sitenote_note":"","_exactmetrics_sitenote_category":0,"_genesis_hide_title":false,"_genesis_hide_breadcrumbs":false,"_genesis_hide_singular_image":false,"_genesis_hide_footer_widgets":false,"_genesis_custom_body_class":"","_genesis_custom_post_class":"","_genesis_layout":"","footnotes":""},"publishpress_future_action":{"enabled":false,"date":"2026-04-24 07:59:22","action":"change-status","newStatus":"draft","terms":[],"taxonomy":""},"_links":{"self":[{"href":"https:\/\/www.chu-tours.fr\/cancerologie\/wp-json\/wp\/v2\/pages\/425"}],"collection":[{"href":"https:\/\/www.chu-tours.fr\/cancerologie\/wp-json\/wp\/v2\/pages"}],"about":[{"href":"https:\/\/www.chu-tours.fr\/cancerologie\/wp-json\/wp\/v2\/types\/page"}],"author":[{"embeddable":true,"href":"https:\/\/www.chu-tours.fr\/cancerologie\/wp-json\/wp\/v2\/users\/4"}],"replies":[{"embeddable":true,"href":"https:\/\/www.chu-tours.fr\/cancerologie\/wp-json\/wp\/v2\/comments?post=425"}],"version-history":[{"count":5,"href":"https:\/\/www.chu-tours.fr\/cancerologie\/wp-json\/wp\/v2\/pages\/425\/revisions"}],"predecessor-version":[{"id":432,"href":"https:\/\/www.chu-tours.fr\/cancerologie\/wp-json\/wp\/v2\/pages\/425\/revisions\/432"}],"up":[{"embeddable":true,"href":"https:\/\/www.chu-tours.fr\/cancerologie\/wp-json\/wp\/v2\/pages\/377"}],"wp:attachment":[{"href":"https:\/\/www.chu-tours.fr\/cancerologie\/wp-json\/wp\/v2\/media?parent=425"}],"curies":[{"name":"wp","href":"https:\/\/api.w.org\/{rel}","templated":true}]}}