{"id":403,"date":"2020-10-27T15:39:20","date_gmt":"2020-10-27T14:39:20","guid":{"rendered":"https:\/\/www.chu-tours.fr\/cancerologie\/?page_id=403"},"modified":"2020-10-27T16:17:45","modified_gmt":"2020-10-27T15:17:45","slug":"soins-de-support-lart-therapie","status":"publish","type":"page","link":"https:\/\/www.chu-tours.fr\/cancerologie\/les-soins-de-supports\/soins-de-support-lart-therapie\/","title":{"rendered":"Soins de support &#8211; L&#8217;art-th\u00e9rapie"},"content":{"rendered":"\t\t<div data-elementor-type=\"wp-page\" data-elementor-id=\"403\" class=\"elementor elementor-403\" data-elementor-post-type=\"page\">\n\t\t\t\t\t\t<section class=\"elementor-section elementor-top-section elementor-element elementor-element-7c511dd elementor-section-boxed elementor-section-height-default elementor-section-height-default\" data-id=\"7c511dd\" data-element_type=\"section\">\n\t\t\t\t\t\t<div class=\"elementor-container elementor-column-gap-default\">\n\t\t\t\t\t<div class=\"elementor-column elementor-col-100 elementor-top-column elementor-element elementor-element-e8e687f\" data-id=\"e8e687f\" data-element_type=\"column\">\n\t\t\t<div class=\"elementor-widget-wrap\">\n\t\t\t\t\t\t\t<\/div>\n\t\t<\/div>\n\t\t\t\t\t<\/div>\n\t\t<\/section>\n\t\t\t\t<section class=\"elementor-section elementor-top-section elementor-element elementor-element-a0d5edc elementor-section-boxed elementor-section-height-default elementor-section-height-default\" data-id=\"a0d5edc\" data-element_type=\"section\">\n\t\t\t\t\t\t<div class=\"elementor-container elementor-column-gap-default\">\n\t\t\t\t\t<div class=\"elementor-column elementor-col-100 elementor-top-column elementor-element elementor-element-7ff02bc\" data-id=\"7ff02bc\" data-element_type=\"column\">\n\t\t\t<div class=\"elementor-widget-wrap elementor-element-populated\">\n\t\t\t\t\t\t<div class=\"elementor-element elementor-element-a37a34f elementor-widget elementor-widget-text-editor\" data-id=\"a37a34f\" data-element_type=\"widget\" data-widget_type=\"text-editor.default\">\n\t\t\t\t<div class=\"elementor-widget-container\">\n\t\t\t\t\t\t\t<blockquote><p>Propos\u00e9e sur le p\u00f4le de canc\u00e9rologie depuis plus de 10 ans, en lien avec l\u2019\u00e9quipe pluridisciplinaire, l\u2019Ar-th\u00e9rapie repose sur l\u2019exploitation du potentiel artistique de chacun et l\u2019apprentissage de techniques vari\u00e9es qui favorisent le bien-\u00eatre et encouragent l\u2019expression des \u00e9motions, du gout, du style, de la sensibilit\u00e9 en travaillant sa propre cr\u00e9ativit\u00e9.\u00a0\u00ab\u00a0<em>En Art-th\u00e9rapie, on d\u00e9couvre son potentiel et on oublie un instant la maladie\u00a0!<\/em>\u00a0\u00bb.<\/p><\/blockquote>\t\t\t\t\t\t<\/div>\n\t\t\t\t<\/div>\n\t\t\t\t\t<\/div>\n\t\t<\/div>\n\t\t\t\t\t<\/div>\n\t\t<\/section>\n\t\t\t\t<section class=\"elementor-section elementor-top-section elementor-element elementor-element-5e14ddb elementor-section-boxed elementor-section-height-default elementor-section-height-default\" data-id=\"5e14ddb\" data-element_type=\"section\">\n\t\t\t\t\t\t<div class=\"elementor-container elementor-column-gap-default\">\n\t\t\t\t\t<div class=\"elementor-column elementor-col-50 elementor-top-column elementor-element elementor-element-b6d4d38\" data-id=\"b6d4d38\" data-element_type=\"column\">\n\t\t\t<div class=\"elementor-widget-wrap elementor-element-populated\">\n\t\t\t\t\t\t<div class=\"elementor-element elementor-element-68706a02 elementor-widget elementor-widget-text-editor\" data-id=\"68706a02\" data-element_type=\"widget\" data-widget_type=\"text-editor.default\">\n\t\t\t\t<div class=\"elementor-widget-container\">\n\t\t\t\t\t\t\t<h2>Mais que fait-on en Art-th\u00e9rapie\u00a0?<\/h2><p>Dans la plupart des ateliers en individuel, comme en groupe, ce sont les arts plastiques qui sont utilis\u00e9s. Nous proposons le dessin, le collage, la peinture, les estampes, la calligraphie\u2026 Les personnes s\u2019\u00e9tonnent elles-m\u00eames de leurs capacit\u00e9s \u00e0 s\u2019exprimer et \u00e0 laisser place \u00e0 une trace.<\/p><p>Le conte est une autre proposition. Il met l&#8217;imaginaire en mouvement. La maladie peut parfois emp\u00eacher la mobilisation physique n\u00e9cessaire \u00e0 un temps de pratique artistique active, accompagn\u00e9e d\u2019un fond musical en lien avec le th\u00e8me, la stimulation par le conte permet de ressourcer son imaginaire, de voyager. Comme le dit l\u2019adage\u00a0: Le conte passe l\u00e0 o\u00f9 les sermons tr\u00e9passent\u2026<\/p><p>L\u2019\u00e9criture po\u00e9tique active ou dict\u00e9e est aussi offerte comme possibilit\u00e9 \u00e0 certains patients. Elle permet le rassemblement de soi et de ses id\u00e9es, d\u2019examiner son imaginaire, sa m\u00e9moire.<\/p><p>La musique, par l\u2019\u00e9coute musicale et la pratique, ainsi que la danse africaine qui stimule l\u2019\u00e9lan corporel et la motricit\u00e9, sont aussi propos\u00e9es en s\u00e9ance d\u2019Art-th\u00e9rapie sur le p\u00f4le.<\/p>\t\t\t\t\t\t<\/div>\n\t\t\t\t<\/div>\n\t\t\t\t\t<\/div>\n\t\t<\/div>\n\t\t\t\t<div class=\"elementor-column elementor-col-50 elementor-top-column elementor-element elementor-element-4a57214\" data-id=\"4a57214\" data-element_type=\"column\">\n\t\t\t<div class=\"elementor-widget-wrap elementor-element-populated\">\n\t\t\t\t\t\t<div class=\"elementor-element elementor-element-c93ad75 elementor-widget elementor-widget-image\" data-id=\"c93ad75\" data-element_type=\"widget\" data-widget_type=\"image.default\">\n\t\t\t\t<div class=\"elementor-widget-container\">\n\t\t\t\t\t\t\t\t\t\t<figure class=\"wp-caption\">\n\t\t\t\t\t\t\t\t\t\t\t<a href=\"https:\/\/www.chu-tours.fr\/cancerologie\/wp-content\/uploads\/sites\/4\/2020\/10\/arttherapie-03.jpg\" data-elementor-open-lightbox=\"yes\" data-elementor-lightbox-title=\"Art th\u00e9rapie au CHRU de Tours\" data-e-action-hash=\"#elementor-action%3Aaction%3Dlightbox%26settings%3DeyJpZCI6MzkzLCJ1cmwiOiJodHRwczpcL1wvd3d3LmNodS10b3Vycy5mclwvY2FuY2Vyb2xvZ2llXC93cC1jb250ZW50XC91cGxvYWRzXC9zaXRlc1wvNFwvMjAyMFwvMTBcL2FydHRoZXJhcGllLTAzLmpwZyJ9\">\n\t\t\t\t\t\t\t<img decoding=\"async\" width=\"150\" height=\"150\" src=\"https:\/\/www.chu-tours.fr\/cancerologie\/wp-content\/uploads\/sites\/4\/2020\/10\/arttherapie-03.jpg\" class=\"attachment-medium size-medium wp-image-393\" alt=\"Art th\u00e9rapie au CHRU de Tours\" srcset=\"https:\/\/www.chu-tours.fr\/cancerologie\/wp-content\/uploads\/sites\/4\/2020\/10\/arttherapie-03.jpg 150w, https:\/\/www.chu-tours.fr\/cancerologie\/wp-content\/uploads\/sites\/4\/2020\/10\/arttherapie-03-40x40.jpg 40w\" sizes=\"(max-width: 150px) 100vw, 150px\" \/>\t\t\t\t\t\t\t\t<\/a>\n\t\t\t\t\t\t\t\t\t\t\t<figcaption class=\"widget-image-caption wp-caption-text\">Art th\u00e9rapie au CHRU de Tours<\/figcaption>\n\t\t\t\t\t\t\t\t\t\t<\/figure>\n\t\t\t\t\t\t\t<\/div>\n\t\t\t\t<\/div>\n\t\t\t\t\t<\/div>\n\t\t<\/div>\n\t\t\t\t\t<\/div>\n\t\t<\/section>\n\t\t\t\t<section class=\"elementor-section elementor-top-section elementor-element elementor-element-79190f5 elementor-section-boxed elementor-section-height-default elementor-section-height-default\" data-id=\"79190f5\" data-element_type=\"section\">\n\t\t\t\t\t\t<div class=\"elementor-container elementor-column-gap-default\">\n\t\t\t\t\t<div class=\"elementor-column elementor-col-50 elementor-top-column elementor-element elementor-element-eb43005\" data-id=\"eb43005\" data-element_type=\"column\">\n\t\t\t<div class=\"elementor-widget-wrap elementor-element-populated\">\n\t\t\t\t\t\t<div class=\"elementor-element elementor-element-d7472c8 elementor-widget elementor-widget-text-editor\" data-id=\"d7472c8\" data-element_type=\"widget\" data-widget_type=\"text-editor.default\">\n\t\t\t\t<div class=\"elementor-widget-container\">\n\t\t\t\t\t\t\t<h2>O\u00f9\u00a0se passe les s\u00e9ances ?<\/h2><p>La grande majorit\u00e9 les accompagnements en Art-th\u00e9rapie se passent de mani\u00e8re individuelle, au chevet du patient, dans sa chambre, que ce soit en hospitalisation compl\u00e8te ou en h\u00f4pital de jour.<\/p><p>La possibilit\u00e9 de se voir en\u00a0rendez-vous externe\u00a0est envisageable.<\/p><p>Il existe aussi\u00a0un groupe\u00a0ouvert d\u2019arts-plastiques propos\u00e9 aux patients et \u00e0 leurs proches. De fa\u00e7on hebdomadaire, les personnes d\u00e9sireuses de sortir de leur chambre et d\u2019exp\u00e9rimenter un partage artistique, sont invit\u00e9es \u00e0 venir rejoindre le groupe seules ou avec un proche afin de faire ensemble et d\u2019\u00e9changer dans un contexte accueillant, joyeux et color\u00e9.<\/p>\t\t\t\t\t\t<\/div>\n\t\t\t\t<\/div>\n\t\t\t\t\t<\/div>\n\t\t<\/div>\n\t\t\t\t<div class=\"elementor-column elementor-col-50 elementor-top-column elementor-element elementor-element-f5cca79\" data-id=\"f5cca79\" data-element_type=\"column\">\n\t\t\t<div class=\"elementor-widget-wrap elementor-element-populated\">\n\t\t\t\t\t\t<div class=\"elementor-element elementor-element-bc35e93 elementor-widget elementor-widget-image\" data-id=\"bc35e93\" data-element_type=\"widget\" data-widget_type=\"image.default\">\n\t\t\t\t<div class=\"elementor-widget-container\">\n\t\t\t\t\t\t\t\t\t\t<figure class=\"wp-caption\">\n\t\t\t\t\t\t\t\t\t\t\t<a href=\"https:\/\/www.chu-tours.fr\/cancerologie\/wp-content\/uploads\/sites\/4\/2020\/10\/arttherapie.jpg\" data-elementor-open-lightbox=\"yes\" data-elementor-lightbox-title=\"Art th\u00e9rapie au CHRU de Tours\" data-e-action-hash=\"#elementor-action%3Aaction%3Dlightbox%26settings%3DeyJpZCI6MzkxLCJ1cmwiOiJodHRwczpcL1wvd3d3LmNodS10b3Vycy5mclwvY2FuY2Vyb2xvZ2llXC93cC1jb250ZW50XC91cGxvYWRzXC9zaXRlc1wvNFwvMjAyMFwvMTBcL2FydHRoZXJhcGllLmpwZyJ9\">\n\t\t\t\t\t\t\t<img decoding=\"async\" width=\"150\" height=\"150\" src=\"https:\/\/www.chu-tours.fr\/cancerologie\/wp-content\/uploads\/sites\/4\/2020\/10\/arttherapie.jpg\" class=\"attachment-medium size-medium wp-image-391\" alt=\"Art th\u00e9rapie au CHRU de Tours\" srcset=\"https:\/\/www.chu-tours.fr\/cancerologie\/wp-content\/uploads\/sites\/4\/2020\/10\/arttherapie.jpg 150w, https:\/\/www.chu-tours.fr\/cancerologie\/wp-content\/uploads\/sites\/4\/2020\/10\/arttherapie-40x40.jpg 40w\" sizes=\"(max-width: 150px) 100vw, 150px\" \/>\t\t\t\t\t\t\t\t<\/a>\n\t\t\t\t\t\t\t\t\t\t\t<figcaption class=\"widget-image-caption wp-caption-text\">Art th\u00e9rapie au CHRU de Tours<\/figcaption>\n\t\t\t\t\t\t\t\t\t\t<\/figure>\n\t\t\t\t\t\t\t<\/div>\n\t\t\t\t<\/div>\n\t\t\t\t\t<\/div>\n\t\t<\/div>\n\t\t\t\t\t<\/div>\n\t\t<\/section>\n\t\t\t\t<section class=\"elementor-section elementor-top-section elementor-element elementor-element-afb7d01 elementor-section-boxed elementor-section-height-default elementor-section-height-default\" data-id=\"afb7d01\" data-element_type=\"section\">\n\t\t\t\t\t\t<div class=\"elementor-container elementor-column-gap-default\">\n\t\t\t\t\t<div class=\"elementor-column elementor-col-50 elementor-top-column elementor-element elementor-element-23483dd\" data-id=\"23483dd\" data-element_type=\"column\">\n\t\t\t<div class=\"elementor-widget-wrap elementor-element-populated\">\n\t\t\t\t\t\t<div class=\"elementor-element elementor-element-6dc029c elementor-widget elementor-widget-text-editor\" data-id=\"6dc029c\" data-element_type=\"widget\" data-widget_type=\"text-editor.default\">\n\t\t\t\t<div class=\"elementor-widget-container\">\n\t\t\t\t\t\t\t<h2>Et que se passe-t-il pendant la s\u00e9ance d\u2019Art-th\u00e9rapie\u00a0?<\/h2><p>Avant toute premi\u00e8re s\u00e9ance, il y a un temps de rencontre. L\u2019Art-th\u00e9rapeute vient \u00e0 la rencontre des patients qui en ont fait la demande ou pour qui il y a une indication m\u00e9dicale.<\/p><p>Le patient est amen\u00e9 \u00e0 parler de lui, de ce qu\u2019il aime, afin de donner quelques pistes sur ses go\u00fbts et ses aptitudes pour que le praticien puisse lui faire des propositions adapt\u00e9es. Les livres, les images, la musique peuvent \u00eatre des m\u00e9diateurs favorisant ce premier \u00e9change.<\/p><p>Lorsque la personne rencontr\u00e9e souhaite s\u2019engager dans un travail d\u2019Art-th\u00e9rapie, nous prenons rendez-vous pour une premi\u00e8re s\u00e9ance de pratique.<\/p><h3>La s\u00e9ance<\/h3><p>La s\u00e9ance est d\u2019abord une rencontre : un point sur les \u00e9v\u00e9nements survenus depuis la derni\u00e8re entrevue, sur l\u2019humeur du jour, les envies, les sympt\u00f4mes, est important avant de se fixer des objectifs.<\/p><h3>L\u2019intention et L\u2019action<\/h3><p>Arrive alors le temps de la r\u00e9flexion autour de l\u2019objet de cette s\u00e9ance : Que va-t-on faire aujourd\u2019hui ?<\/p><p>Il faut trouver un projet, choisir les mat\u00e9riaux et oser faire. Vient ensuite l\u2019accompagnement de l\u2019action. C\u2019est le temps du faire, de l\u2019utilisation des techniques et de la mat\u00e9rialisation des id\u00e9es, le temps de la prise de risque mais aussi celui du plaisir et de l\u2019\u00e9motion artistique \u2026<\/p><h3>La production<\/h3><p>La r\u00e9alisation g\u00e9n\u00e8re la communication autour d\u2019elle. Lorsque la production a pris forme et qu\u2019elle est termin\u00e9e, il est important d\u2019en parler. Nous \u00e9changeons sur ses points forts, ses points faibles, la pertinence de tel ou tel mat\u00e9riau, les am\u00e9liorations possibles.<\/p><p>Enfin, un temps d\u2019auto-\u00e9valuation est pris afin de connaitre le ressenti de la personne sur la qualit\u00e9 de son travail ainsi que sur la qualit\u00e9 du moment pass\u00e9.<\/p>\t\t\t\t\t\t<\/div>\n\t\t\t\t<\/div>\n\t\t\t\t\t<\/div>\n\t\t<\/div>\n\t\t\t\t<div class=\"elementor-column elementor-col-50 elementor-top-column elementor-element elementor-element-04722c9\" data-id=\"04722c9\" data-element_type=\"column\">\n\t\t\t<div class=\"elementor-widget-wrap elementor-element-populated\">\n\t\t\t\t\t\t<div class=\"elementor-element elementor-element-4253ca5 elementor-widget elementor-widget-image\" data-id=\"4253ca5\" data-element_type=\"widget\" data-widget_type=\"image.default\">\n\t\t\t\t<div class=\"elementor-widget-container\">\n\t\t\t\t\t\t\t\t\t\t<figure class=\"wp-caption\">\n\t\t\t\t\t\t\t\t\t\t\t<a href=\"https:\/\/www.chu-tours.fr\/cancerologie\/wp-content\/uploads\/sites\/4\/2020\/10\/arttherapie.jpg\" data-elementor-open-lightbox=\"yes\" data-elementor-lightbox-title=\"Art th\u00e9rapie au CHRU de Tours\" data-e-action-hash=\"#elementor-action%3Aaction%3Dlightbox%26settings%3DeyJpZCI6MzkxLCJ1cmwiOiJodHRwczpcL1wvd3d3LmNodS10b3Vycy5mclwvY2FuY2Vyb2xvZ2llXC93cC1jb250ZW50XC91cGxvYWRzXC9zaXRlc1wvNFwvMjAyMFwvMTBcL2FydHRoZXJhcGllLmpwZyJ9\">\n\t\t\t\t\t\t\t<img decoding=\"async\" width=\"150\" height=\"150\" src=\"https:\/\/www.chu-tours.fr\/cancerologie\/wp-content\/uploads\/sites\/4\/2020\/10\/arttherapie.jpg\" class=\"attachment-medium size-medium wp-image-391\" alt=\"Art th\u00e9rapie au CHRU de Tours\" srcset=\"https:\/\/www.chu-tours.fr\/cancerologie\/wp-content\/uploads\/sites\/4\/2020\/10\/arttherapie.jpg 150w, https:\/\/www.chu-tours.fr\/cancerologie\/wp-content\/uploads\/sites\/4\/2020\/10\/arttherapie-40x40.jpg 40w\" sizes=\"(max-width: 150px) 100vw, 150px\" \/>\t\t\t\t\t\t\t\t<\/a>\n\t\t\t\t\t\t\t\t\t\t\t<figcaption class=\"widget-image-caption wp-caption-text\">Art th\u00e9rapie au CHRU de Tours<\/figcaption>\n\t\t\t\t\t\t\t\t\t\t<\/figure>\n\t\t\t\t\t\t\t<\/div>\n\t\t\t\t<\/div>\n\t\t\t\t\t<\/div>\n\t\t<\/div>\n\t\t\t\t\t<\/div>\n\t\t<\/section>\n\t\t\t\t<section class=\"elementor-section elementor-top-section elementor-element elementor-element-722392f elementor-section-boxed elementor-section-height-default elementor-section-height-default\" data-id=\"722392f\" data-element_type=\"section\">\n\t\t\t\t\t\t<div class=\"elementor-container elementor-column-gap-default\">\n\t\t\t\t\t<div class=\"elementor-column elementor-col-50 elementor-top-column elementor-element elementor-element-8dafff6\" data-id=\"8dafff6\" data-element_type=\"column\">\n\t\t\t<div class=\"elementor-widget-wrap elementor-element-populated\">\n\t\t\t\t\t\t<div class=\"elementor-element elementor-element-e60d9e3 elementor-widget elementor-widget-text-editor\" data-id=\"e60d9e3\" data-element_type=\"widget\" data-widget_type=\"text-editor.default\">\n\t\t\t\t<div class=\"elementor-widget-container\">\n\t\t\t\t\t\t\t<h3>Et tout cela, \u00e7a sert \u00e0 quoi\u00a0?<\/h3><ul><li>Mieux s\u2019int\u00e9grer au projet de soin<\/li><li>Favoriser la communication et la relation avec l\u2019entourage, l\u2019\u00e9quipe\u2026<\/li><li>D\u00e9tourner l\u2019attention de l\u2019angoisse, de la douleur\u2026<\/li><li>Capter l\u2019Esprit, le mettre au repos du stress g\u00e9n\u00e9r\u00e9 par la maladie et les traitements.<\/li><li>Revaloriser image de soi, confiance en soi, estime de soi<\/li><li>Se sentir investi dans un projet et le vivre au quotidien<\/li><li>Stimuler son imaginaire, chercher du sens\u2026<\/li><li>Faire des choix, d\u00e9cider et ma\u00eetriser quelque chose\u2026<\/li><li>Laisser un souvenir qui pourra \u00eatre partag\u00e9 avec les proches<\/li><li>Faire du bien \u00e0 ses sens<\/li><li>Exprimer son affect, faire pour quelqu\u2019un<\/li><li>Stimuler la motricit\u00e9, se r\u00e9concilier avec son corps, valoriser ce qui fonctionne !<\/li><li>Offrir un mode d\u2019expression non verbale, un temps d\u2019apaisement\u2026<\/li><li>Offrir un domaine d\u2019\u00e9laboration positive.<\/li><\/ul><p>Cette prise en charge qui tend \u00e0 bouleverser le quotidien hospitalier de mani\u00e8re positive est v\u00e9cue et d\u00e9crite par les patients comme un temps d\u2019apaisement, de d\u00e9tente et d\u2019\u00e9vasion qui procure une sensation de vitalit\u00e9, de mieux \u00eatre, une rupture de l\u2019isolement. Un temps o\u00f9 la souffrance peut \u00eatre d\u00e9pos\u00e9e, transform\u00e9e et o\u00f9 l\u2019on oublie un instant la maladie.<\/p>\t\t\t\t\t\t<\/div>\n\t\t\t\t<\/div>\n\t\t\t\t\t<\/div>\n\t\t<\/div>\n\t\t\t\t<div class=\"elementor-column elementor-col-50 elementor-top-column elementor-element elementor-element-2725de9\" data-id=\"2725de9\" data-element_type=\"column\">\n\t\t\t<div class=\"elementor-widget-wrap elementor-element-populated\">\n\t\t\t\t\t\t<div class=\"elementor-element elementor-element-fdbbd07 elementor-widget elementor-widget-image\" data-id=\"fdbbd07\" data-element_type=\"widget\" data-widget_type=\"image.default\">\n\t\t\t\t<div class=\"elementor-widget-container\">\n\t\t\t\t\t\t\t\t\t\t<figure class=\"wp-caption\">\n\t\t\t\t\t\t\t\t\t\t\t<a href=\"https:\/\/www.chu-tours.fr\/cancerologie\/wp-content\/uploads\/sites\/4\/2020\/10\/arttherapie.jpg\" data-elementor-open-lightbox=\"yes\" data-elementor-lightbox-title=\"Art th\u00e9rapie au CHRU de Tours\" data-e-action-hash=\"#elementor-action%3Aaction%3Dlightbox%26settings%3DeyJpZCI6MzkxLCJ1cmwiOiJodHRwczpcL1wvd3d3LmNodS10b3Vycy5mclwvY2FuY2Vyb2xvZ2llXC93cC1jb250ZW50XC91cGxvYWRzXC9zaXRlc1wvNFwvMjAyMFwvMTBcL2FydHRoZXJhcGllLmpwZyJ9\">\n\t\t\t\t\t\t\t<img decoding=\"async\" width=\"150\" height=\"150\" src=\"https:\/\/www.chu-tours.fr\/cancerologie\/wp-content\/uploads\/sites\/4\/2020\/10\/arttherapie.jpg\" class=\"attachment-medium size-medium wp-image-391\" alt=\"Art th\u00e9rapie au CHRU de Tours\" srcset=\"https:\/\/www.chu-tours.fr\/cancerologie\/wp-content\/uploads\/sites\/4\/2020\/10\/arttherapie.jpg 150w, https:\/\/www.chu-tours.fr\/cancerologie\/wp-content\/uploads\/sites\/4\/2020\/10\/arttherapie-40x40.jpg 40w\" sizes=\"(max-width: 150px) 100vw, 150px\" \/>\t\t\t\t\t\t\t\t<\/a>\n\t\t\t\t\t\t\t\t\t\t\t<figcaption class=\"widget-image-caption wp-caption-text\">Art th\u00e9rapie au CHRU de Tours<\/figcaption>\n\t\t\t\t\t\t\t\t\t\t<\/figure>\n\t\t\t\t\t\t\t<\/div>\n\t\t\t\t<\/div>\n\t\t\t\t\t<\/div>\n\t\t<\/div>\n\t\t\t\t\t<\/div>\n\t\t<\/section>\n\t\t\t\t<\/div>\n\t\t","protected":false},"excerpt":{"rendered":"<p>Home Propos\u00e9e sur le p\u00f4le de canc\u00e9rologie depuis plus de 10 ans, en lien avec l\u2019\u00e9quipe pluridisciplinaire, l\u2019Ar-th\u00e9rapie repose sur l\u2019exploitation du potentiel artistique de chacun et l\u2019apprentissage de techniques vari\u00e9es qui favorisent le bien-\u00eatre et encouragent l\u2019expression des \u00e9motions, du gout, du style, de la sensibilit\u00e9 en travaillant sa propre cr\u00e9ativit\u00e9.\u00a0\u00ab\u00a0En Art-th\u00e9rapie, on d\u00e9couvre [&hellip;]<\/p>\n","protected":false},"author":4,"featured_media":0,"parent":377,"menu_order":0,"comment_status":"closed","ping_status":"closed","template":"","meta":{"_seopress_robots_primary_cat":"","_seopress_titles_title":"CHRU de Tours. Canc\u00e9rologie. Les soins de supports. L&#039;art-th\u00e9rapie.","_seopress_titles_desc":"Propos\u00e9e sur le p\u00f4le de canc\u00e9rologie depuis plus de 10 ans, en lien avec l\u2019\u00e9quipe pluridisciplinaire, l\u2019Ar-th\u00e9rapie repose sur l\u2019exploitation du potentiel artistique de chacun et l\u2019apprentissage de techniques vari\u00e9es qui favorisent le bien-\u00eatre et encouragent l\u2019expression des \u00e9motions, du gout, du style, de la sensibilit\u00e9 en travaillant sa propre cr\u00e9ativit\u00e9. \u00ab En Art-th\u00e9rapie, on d\u00e9couvre son potentiel et on oublie un instant la maladie ! \u00bb.","_seopress_robots_index":"","_exactmetrics_skip_tracking":false,"_exactmetrics_sitenote_active":false,"_exactmetrics_sitenote_note":"","_exactmetrics_sitenote_category":0,"_genesis_hide_title":false,"_genesis_hide_breadcrumbs":false,"_genesis_hide_singular_image":false,"_genesis_hide_footer_widgets":false,"_genesis_custom_body_class":"","_genesis_custom_post_class":"","_genesis_layout":"","footnotes":""},"publishpress_future_action":{"enabled":false,"date":"2026-05-11 05:34:24","action":"change-status","newStatus":"draft","terms":[],"taxonomy":""},"_links":{"self":[{"href":"https:\/\/www.chu-tours.fr\/cancerologie\/wp-json\/wp\/v2\/pages\/403"}],"collection":[{"href":"https:\/\/www.chu-tours.fr\/cancerologie\/wp-json\/wp\/v2\/pages"}],"about":[{"href":"https:\/\/www.chu-tours.fr\/cancerologie\/wp-json\/wp\/v2\/types\/page"}],"author":[{"embeddable":true,"href":"https:\/\/www.chu-tours.fr\/cancerologie\/wp-json\/wp\/v2\/users\/4"}],"replies":[{"embeddable":true,"href":"https:\/\/www.chu-tours.fr\/cancerologie\/wp-json\/wp\/v2\/comments?post=403"}],"version-history":[{"count":5,"href":"https:\/\/www.chu-tours.fr\/cancerologie\/wp-json\/wp\/v2\/pages\/403\/revisions"}],"predecessor-version":[{"id":423,"href":"https:\/\/www.chu-tours.fr\/cancerologie\/wp-json\/wp\/v2\/pages\/403\/revisions\/423"}],"up":[{"embeddable":true,"href":"https:\/\/www.chu-tours.fr\/cancerologie\/wp-json\/wp\/v2\/pages\/377"}],"wp:attachment":[{"href":"https:\/\/www.chu-tours.fr\/cancerologie\/wp-json\/wp\/v2\/media?parent=403"}],"curies":[{"name":"wp","href":"https:\/\/api.w.org\/{rel}","templated":true}]}}