{"id":291,"date":"2020-10-27T09:54:09","date_gmt":"2020-10-27T08:54:09","guid":{"rendered":"https:\/\/www.chu-tours.fr\/cancerologie\/?page_id=291"},"modified":"2020-10-29T09:57:45","modified_gmt":"2020-10-29T08:57:45","slug":"le-diagnostic-la-pgmc-ou-plateforme-de-genetique-moleculaire-des-cancers","status":"publish","type":"page","link":"https:\/\/www.chu-tours.fr\/cancerologie\/le-diagnostic-la-pgmc-ou-plateforme-de-genetique-moleculaire-des-cancers\/","title":{"rendered":"Le diagnostic &#8211; La PGMC ou Plateforme de G\u00e9n\u00e9tique Mol\u00e9culaire des Cancers"},"content":{"rendered":"\t\t<div data-elementor-type=\"wp-page\" data-elementor-id=\"291\" class=\"elementor elementor-291\" data-elementor-post-type=\"page\">\n\t\t\t\t\t\t<section class=\"elementor-section elementor-top-section elementor-element elementor-element-3cd8186 elementor-section-boxed elementor-section-height-default elementor-section-height-default\" data-id=\"3cd8186\" data-element_type=\"section\">\n\t\t\t\t\t\t<div class=\"elementor-container elementor-column-gap-default\">\n\t\t\t\t\t<div class=\"elementor-column elementor-col-100 elementor-top-column elementor-element elementor-element-f083c74\" data-id=\"f083c74\" data-element_type=\"column\">\n\t\t\t<div class=\"elementor-widget-wrap\">\n\t\t\t\t\t\t\t<\/div>\n\t\t<\/div>\n\t\t\t\t\t<\/div>\n\t\t<\/section>\n\t\t\t\t<section class=\"elementor-section elementor-top-section elementor-element elementor-element-5c2b1cb elementor-section-boxed elementor-section-height-default elementor-section-height-default\" data-id=\"5c2b1cb\" data-element_type=\"section\">\n\t\t\t\t\t\t<div class=\"elementor-container elementor-column-gap-default\">\n\t\t\t\t\t<div class=\"elementor-column elementor-col-100 elementor-top-column elementor-element elementor-element-4f34a55\" data-id=\"4f34a55\" data-element_type=\"column\">\n\t\t\t<div class=\"elementor-widget-wrap elementor-element-populated\">\n\t\t\t\t\t\t<div class=\"elementor-element elementor-element-a9381f7 elementor-widget elementor-widget-text-editor\" data-id=\"a9381f7\" data-element_type=\"widget\" data-widget_type=\"text-editor.default\">\n\t\t\t\t<div class=\"elementor-widget-container\">\n\t\t\t\t\t\t\t<p>Les th\u00e9rapies anti-canc\u00e9reuses ont beaucoup \u00e9volu\u00e9 ces derni\u00e8res ann\u00e9es. Aujourd\u2019hui, un patient atteint d\u2019un cancer peut b\u00e9n\u00e9ficier d\u2019une\u00a0m\u00e9decine personnalis\u00e9e, m\u00e9decine consistant \u00e0 traiter le patient en fonction des sp\u00e9cificit\u00e9s biologiques et g\u00e9n\u00e9tiques de sa tumeur. La prescription de ces nouveaux traitements (th\u00e9rapie cibl\u00e9e ou immunoth\u00e9rapie) est conditionn\u00e9e par la mise en \u00e9vidence d\u2019anomalies mol\u00e9culaires (les cibles du m\u00e9dicament) dans la tumeur. Ces traitements auront pour objectif de bloquer sp\u00e9cifiquement la croissance ou la propagation de la tumeur, en interf\u00e9rant avec des anomalies ou avec des m\u00e9canismes mol\u00e9culaires qui sont \u00e0 l\u2019origine du d\u00e9veloppement ou de la diss\u00e9mination des cellules canc\u00e9reuses.<\/p>\t\t\t\t\t\t<\/div>\n\t\t\t\t<\/div>\n\t\t\t\t\t<\/div>\n\t\t<\/div>\n\t\t\t\t\t<\/div>\n\t\t<\/section>\n\t\t\t\t<section class=\"elementor-section elementor-top-section elementor-element elementor-element-edff09e elementor-section-boxed elementor-section-height-default elementor-section-height-default\" data-id=\"edff09e\" data-element_type=\"section\">\n\t\t\t\t\t\t<div class=\"elementor-container elementor-column-gap-default\">\n\t\t\t\t\t<div class=\"elementor-column elementor-col-100 elementor-top-column elementor-element elementor-element-98fadbb\" data-id=\"98fadbb\" data-element_type=\"column\">\n\t\t\t<div class=\"elementor-widget-wrap elementor-element-populated\">\n\t\t\t\t\t\t<div class=\"elementor-element elementor-element-919611c elementor-widget elementor-widget-image\" data-id=\"919611c\" data-element_type=\"widget\" data-widget_type=\"image.default\">\n\t\t\t\t<div class=\"elementor-widget-container\">\n\t\t\t\t\t\t\t\t\t\t<figure class=\"wp-caption\">\n\t\t\t\t\t\t\t\t\t\t\t<a href=\"https:\/\/www.chu-tours.fr\/cancerologie\/wp-content\/uploads\/sites\/4\/2020\/10\/traitement-cancero-01.jpg\" data-elementor-open-lightbox=\"yes\" data-elementor-lightbox-title=\"Sch\u00e9ma de la plateforme de g\u00e9n\u00e9tique mol\u00e9culaire des cancers\" data-e-action-hash=\"#elementor-action%3Aaction%3Dlightbox%26settings%3DeyJpZCI6MjkzLCJ1cmwiOiJodHRwczpcL1wvd3d3LmNodS10b3Vycy5mclwvY2FuY2Vyb2xvZ2llXC93cC1jb250ZW50XC91cGxvYWRzXC9zaXRlc1wvNFwvMjAyMFwvMTBcL3RyYWl0ZW1lbnQtY2FuY2Vyby0wMS5qcGcifQ%3D%3D\">\n\t\t\t\t\t\t\t<img fetchpriority=\"high\" decoding=\"async\" width=\"300\" height=\"261\" src=\"https:\/\/www.chu-tours.fr\/cancerologie\/wp-content\/uploads\/sites\/4\/2020\/10\/traitement-cancero-01-300x261.jpg\" class=\"attachment-medium size-medium wp-image-293\" alt=\"Sch\u00e9ma de la plateforme de g\u00e9n\u00e9tique mol\u00e9culaire des cancers\" srcset=\"https:\/\/www.chu-tours.fr\/cancerologie\/wp-content\/uploads\/sites\/4\/2020\/10\/traitement-cancero-01-300x261.jpg 300w, https:\/\/www.chu-tours.fr\/cancerologie\/wp-content\/uploads\/sites\/4\/2020\/10\/traitement-cancero-01.jpg 495w\" sizes=\"(max-width: 300px) 100vw, 300px\" \/>\t\t\t\t\t\t\t\t<\/a>\n\t\t\t\t\t\t\t\t\t\t\t<figcaption class=\"widget-image-caption wp-caption-text\">Sch\u00e9ma de la plateforme de g\u00e9n\u00e9tique mol\u00e9culaire des cancers<\/figcaption>\n\t\t\t\t\t\t\t\t\t\t<\/figure>\n\t\t\t\t\t\t\t<\/div>\n\t\t\t\t<\/div>\n\t\t\t\t\t<\/div>\n\t\t<\/div>\n\t\t\t\t\t<\/div>\n\t\t<\/section>\n\t\t\t\t<section class=\"elementor-section elementor-top-section elementor-element elementor-element-5e14ddb elementor-section-boxed elementor-section-height-default elementor-section-height-default\" data-id=\"5e14ddb\" data-element_type=\"section\">\n\t\t\t\t\t\t<div class=\"elementor-container elementor-column-gap-default\">\n\t\t\t\t\t<div class=\"elementor-column elementor-col-50 elementor-top-column elementor-element elementor-element-b6d4d38\" data-id=\"b6d4d38\" data-element_type=\"column\">\n\t\t\t<div class=\"elementor-widget-wrap elementor-element-populated\">\n\t\t\t\t\t\t<div class=\"elementor-element elementor-element-68706a02 elementor-widget elementor-widget-text-editor\" data-id=\"68706a02\" data-element_type=\"widget\" data-widget_type=\"text-editor.default\">\n\t\t\t\t<div class=\"elementor-widget-container\">\n\t\t\t\t\t\t\t<p>Pour permettre \u00e0 l\u2019ensemble de la population fran\u00e7aise de b\u00e9n\u00e9ficier d\u2019un acc\u00e8s \u00e0 ces nouveaux traitements, l\u2019Institut National du Cancer (INCa) a cr\u00e9\u00e9, en 2006,\u00a028 plateformes de g\u00e9n\u00e9tique mol\u00e9culaire des cancers\u00a0r\u00e9parties sur l\u2019ensemble du territoire dont la plateforme de Tours fait partie. Depuis sa cr\u00e9ation, l\u2019activit\u00e9 de la plateforme est en constante \u00e9volution. En 2016 plus de 2500 patients atteints d\u2019une tumeur solide (cancer d\u00e9velopp\u00e9 dans un organe particulier) et 1600 atteints d\u2019une h\u00e9mopathie maligne (leuc\u00e9mie etc\u2026) ont b\u00e9n\u00e9fici\u00e9 d\u2019un test mol\u00e9culaire.<\/p><p>La plateforme de Tours coordonne l\u2019ensemble de l\u2019activit\u00e9 de g\u00e9n\u00e9tique mol\u00e9culaire de la\u00a0r\u00e9gion Centre-Val de Loire\u00a0et re\u00e7oit des \u00e9chantillons tumoraux des \u00e9tablissements hospitaliers et des cabinets\u00a0d\u2019Anatomie et cytologie pathologiques\u00a0(voir ce chapitre sur ce site) de l\u2019ensemble de la r\u00e9gion. Elle est \u00e9galement en contact \u00e9troit avec les oncologues et les sp\u00e9cialistes d\u2019organes qui prennent en charge les patients.<\/p><p>La plateforme a pour mission principale d\u2019orienter le traitement vers une th\u00e9rapie cibl\u00e9e ou une immunoth\u00e9rapie en fonction ou non de la pr\u00e9sence d\u2019anomalies, ou au contraire vers une th\u00e9rapie conventionnelle.<\/p><p>Pour mener \u00e0 bien sa mission, la plateforme de G\u00e9n\u00e9tique mol\u00e9culaire des cancers dispose de diverses techniques\u00a0:<\/p><ul><li>la mise en \u00e9vidence des cibles th\u00e9rapeutiques \u00e0 l\u2019aide d\u2019anticorps sp\u00e9cifiques, sur des coupes de tissu tumoral examin\u00e9es au microscope\u00a0: c\u2019est l\u2019analyse par\u00a0immunohistochimie. Par exemple, la recherche de la surexpression de l\u2019antig\u00e8ne HER2 dans les cancers du sein permettant l\u2019acc\u00e8s \u00e0 une th\u00e9rapie cibl\u00e9e ou encore la recherche de la surexpression de l\u2019antig\u00e8ne PD-L1 dans divers cancers pour un acc\u00e8s \u00e0 l\u2019immunoth\u00e9rapie.<\/li><\/ul>\t\t\t\t\t\t<\/div>\n\t\t\t\t<\/div>\n\t\t\t\t\t<\/div>\n\t\t<\/div>\n\t\t\t\t<div class=\"elementor-column elementor-col-50 elementor-top-column elementor-element elementor-element-4a57214\" data-id=\"4a57214\" data-element_type=\"column\">\n\t\t\t<div class=\"elementor-widget-wrap\">\n\t\t\t\t\t\t\t<\/div>\n\t\t<\/div>\n\t\t\t\t\t<\/div>\n\t\t<\/section>\n\t\t\t\t<section class=\"elementor-section elementor-top-section elementor-element elementor-element-75c3f5f elementor-section-boxed elementor-section-height-default elementor-section-height-default\" data-id=\"75c3f5f\" data-element_type=\"section\">\n\t\t\t\t\t\t<div class=\"elementor-container elementor-column-gap-default\">\n\t\t\t\t\t<div class=\"elementor-column elementor-col-100 elementor-top-column elementor-element elementor-element-ced55d3\" data-id=\"ced55d3\" data-element_type=\"column\">\n\t\t\t<div class=\"elementor-widget-wrap elementor-element-populated\">\n\t\t\t\t\t\t<div class=\"elementor-element elementor-element-3d29d10 elementor-widget elementor-widget-image\" data-id=\"3d29d10\" data-element_type=\"widget\" data-widget_type=\"image.default\">\n\t\t\t\t<div class=\"elementor-widget-container\">\n\t\t\t\t\t\t\t\t\t\t<figure class=\"wp-caption\">\n\t\t\t\t\t\t\t\t\t\t\t<a href=\"https:\/\/www.chu-tours.fr\/cancerologie\/wp-content\/uploads\/sites\/4\/2020\/10\/traitement-cancero-02.jpg\" data-elementor-open-lightbox=\"yes\" data-elementor-lightbox-title=\"Mise en \u00e9vidence de la surexpression d\u2019HER2 par Immunohistochimie\" data-e-action-hash=\"#elementor-action%3Aaction%3Dlightbox%26settings%3DeyJpZCI6Mjk0LCJ1cmwiOiJodHRwczpcL1wvd3d3LmNodS10b3Vycy5mclwvY2FuY2Vyb2xvZ2llXC93cC1jb250ZW50XC91cGxvYWRzXC9zaXRlc1wvNFwvMjAyMFwvMTBcL3RyYWl0ZW1lbnQtY2FuY2Vyby0wMi5qcGcifQ%3D%3D\">\n\t\t\t\t\t\t\t<img decoding=\"async\" width=\"300\" height=\"226\" src=\"https:\/\/www.chu-tours.fr\/cancerologie\/wp-content\/uploads\/sites\/4\/2020\/10\/traitement-cancero-02-300x226.jpg\" class=\"attachment-medium size-medium wp-image-294\" alt=\"Mise en \u00e9vidence de la surexpression d\u2019HER2 par Immunohistochimie\" srcset=\"https:\/\/www.chu-tours.fr\/cancerologie\/wp-content\/uploads\/sites\/4\/2020\/10\/traitement-cancero-02-300x226.jpg 300w, https:\/\/www.chu-tours.fr\/cancerologie\/wp-content\/uploads\/sites\/4\/2020\/10\/traitement-cancero-02-70x52.jpg 70w, https:\/\/www.chu-tours.fr\/cancerologie\/wp-content\/uploads\/sites\/4\/2020\/10\/traitement-cancero-02.jpg 461w\" sizes=\"(max-width: 300px) 100vw, 300px\" \/>\t\t\t\t\t\t\t\t<\/a>\n\t\t\t\t\t\t\t\t\t\t\t<figcaption class=\"widget-image-caption wp-caption-text\">Mise en \u00e9vidence de la surexpression d\u2019HER2 par Immunohistochimie<\/figcaption>\n\t\t\t\t\t\t\t\t\t\t<\/figure>\n\t\t\t\t\t\t\t<\/div>\n\t\t\t\t<\/div>\n\t\t\t\t\t<\/div>\n\t\t<\/div>\n\t\t\t\t\t<\/div>\n\t\t<\/section>\n\t\t\t\t<section class=\"elementor-section elementor-top-section elementor-element elementor-element-ec33336 elementor-section-boxed elementor-section-height-default elementor-section-height-default\" data-id=\"ec33336\" data-element_type=\"section\">\n\t\t\t\t\t\t<div class=\"elementor-container elementor-column-gap-default\">\n\t\t\t\t\t<div class=\"elementor-column elementor-col-50 elementor-top-column elementor-element elementor-element-1eedbc8\" data-id=\"1eedbc8\" data-element_type=\"column\">\n\t\t\t<div class=\"elementor-widget-wrap elementor-element-populated\">\n\t\t\t\t\t\t<div class=\"elementor-element elementor-element-a9acfab elementor-widget elementor-widget-text-editor\" data-id=\"a9acfab\" data-element_type=\"widget\" data-widget_type=\"text-editor.default\">\n\t\t\t\t<div class=\"elementor-widget-container\">\n\t\t\t\t\t\t\t<ul><li><p>les techniques de g\u00e9n\u00e9tique mol\u00e9culaire permettant de r\u00e9aliser le profil mol\u00e9culaire de la tumeur et l\u2019identification d\u2019anomalies survenues dans les g\u00e8nes de la tumeur. Par exemple, l\u2019analyse mol\u00e9culaire du g\u00e8ne EGFR dans certains cancers du poumon conditionnant l\u2019acc\u00e8s \u00e0 une th\u00e9rapie cibl\u00e9e.<\/p><p>De plus, pour r\u00e9pondre au mieux \u00e0 l\u2019essor de ces nouvelles th\u00e9rapies, depuis d\u00e9but 2017, la plateforme \u00e9tudie les profils mol\u00e9culaires tumoraux par une technique innovante \u00e0 haut d\u00e9bit, le\u00a0s\u00e9quen\u00e7age de nouvelle g\u00e9n\u00e9ration\u00a0(NGS). Cette nouvelle technique permet l\u2019analyse mol\u00e9culaire d\u2019un plus grand nombre de g\u00e8nes cibles. De nouvelles anomalies peuvent ainsi \u00eatre identifi\u00e9es et permettre au clinicien de proposer une th\u00e9rapie cibl\u00e9e et\/ou d\u2019envisager l\u2019inclusion de son patient dans un essai clinique.<\/p><\/li><\/ul>\t\t\t\t\t\t<\/div>\n\t\t\t\t<\/div>\n\t\t\t\t\t<\/div>\n\t\t<\/div>\n\t\t\t\t<div class=\"elementor-column elementor-col-50 elementor-top-column elementor-element elementor-element-1bb4015\" data-id=\"1bb4015\" data-element_type=\"column\">\n\t\t\t<div class=\"elementor-widget-wrap\">\n\t\t\t\t\t\t\t<\/div>\n\t\t<\/div>\n\t\t\t\t\t<\/div>\n\t\t<\/section>\n\t\t\t\t<section class=\"elementor-section elementor-top-section elementor-element elementor-element-327c038 elementor-section-boxed elementor-section-height-default elementor-section-height-default\" data-id=\"327c038\" data-element_type=\"section\">\n\t\t\t\t\t\t<div class=\"elementor-container elementor-column-gap-default\">\n\t\t\t\t\t<div class=\"elementor-column elementor-col-100 elementor-top-column elementor-element elementor-element-162899b\" data-id=\"162899b\" data-element_type=\"column\">\n\t\t\t<div class=\"elementor-widget-wrap elementor-element-populated\">\n\t\t\t\t\t\t<div class=\"elementor-element elementor-element-238f500 elementor-widget elementor-widget-image\" data-id=\"238f500\" data-element_type=\"widget\" data-widget_type=\"image.default\">\n\t\t\t\t<div class=\"elementor-widget-container\">\n\t\t\t\t\t\t\t\t\t\t<figure class=\"wp-caption\">\n\t\t\t\t\t\t\t\t\t\t\t<a href=\"https:\/\/www.chu-tours.fr\/cancerologie\/wp-content\/uploads\/sites\/4\/2020\/10\/traitement-cancero-03.jpg\" data-elementor-open-lightbox=\"yes\" data-elementor-lightbox-title=\"Appareil de s\u00e9quen\u00e7age de nouvelle g\u00e9n\u00e9ration NGS (MiSeq, Illumina)\" data-e-action-hash=\"#elementor-action%3Aaction%3Dlightbox%26settings%3DeyJpZCI6Mjk1LCJ1cmwiOiJodHRwczpcL1wvd3d3LmNodS10b3Vycy5mclwvY2FuY2Vyb2xvZ2llXC93cC1jb250ZW50XC91cGxvYWRzXC9zaXRlc1wvNFwvMjAyMFwvMTBcL3RyYWl0ZW1lbnQtY2FuY2Vyby0wMy5qcGcifQ%3D%3D\">\n\t\t\t\t\t\t\t<img decoding=\"async\" width=\"252\" height=\"188\" src=\"https:\/\/www.chu-tours.fr\/cancerologie\/wp-content\/uploads\/sites\/4\/2020\/10\/traitement-cancero-03.jpg\" class=\"attachment-medium size-medium wp-image-295\" alt=\"Appareil de s\u00e9quen\u00e7age de nouvelle g\u00e9n\u00e9ration NGS (MiSeq, Illumina)\" srcset=\"https:\/\/www.chu-tours.fr\/cancerologie\/wp-content\/uploads\/sites\/4\/2020\/10\/traitement-cancero-03.jpg 252w, https:\/\/www.chu-tours.fr\/cancerologie\/wp-content\/uploads\/sites\/4\/2020\/10\/traitement-cancero-03-70x52.jpg 70w\" sizes=\"(max-width: 252px) 100vw, 252px\" \/>\t\t\t\t\t\t\t\t<\/a>\n\t\t\t\t\t\t\t\t\t\t\t<figcaption class=\"widget-image-caption wp-caption-text\">Appareil de s\u00e9quen\u00e7age de nouvelle g\u00e9n\u00e9ration NGS (MiSeq, Illumina)<\/figcaption>\n\t\t\t\t\t\t\t\t\t\t<\/figure>\n\t\t\t\t\t\t\t<\/div>\n\t\t\t\t<\/div>\n\t\t\t\t\t<\/div>\n\t\t<\/div>\n\t\t\t\t\t<\/div>\n\t\t<\/section>\n\t\t\t\t<section class=\"elementor-section elementor-top-section elementor-element elementor-element-70c545f elementor-section-boxed elementor-section-height-default elementor-section-height-default\" data-id=\"70c545f\" data-element_type=\"section\">\n\t\t\t\t\t\t<div class=\"elementor-container elementor-column-gap-default\">\n\t\t\t\t\t<div class=\"elementor-column elementor-col-50 elementor-top-column elementor-element elementor-element-dae79b3\" data-id=\"dae79b3\" data-element_type=\"column\">\n\t\t\t<div class=\"elementor-widget-wrap elementor-element-populated\">\n\t\t\t\t\t\t<div class=\"elementor-element elementor-element-c64a50d elementor-widget elementor-widget-text-editor\" data-id=\"c64a50d\" data-element_type=\"widget\" data-widget_type=\"text-editor.default\">\n\t\t\t\t<div class=\"elementor-widget-container\">\n\t\t\t\t\t\t\t<p>Enfin, depuis peu, dans certains cas particuliers o\u00f9 il est difficile de pr\u00e9lever un \u00e9chantillon tumoral pour une nouvelle analyse, la plateforme peut effectuer la recherche de certaines anomalies mol\u00e9culaires sur l\u2019ADN tumoral pr\u00e9sent dans la circulation sanguine, \u00e0 partir d\u2019un simple pr\u00e9l\u00e8vement sanguin (aussi appel\u00e9 \u00ab\u00a0biopsie liquide\u00a0\u00bb).<\/p>\t\t\t\t\t\t<\/div>\n\t\t\t\t<\/div>\n\t\t\t\t\t<\/div>\n\t\t<\/div>\n\t\t\t\t<div class=\"elementor-column elementor-col-50 elementor-top-column elementor-element elementor-element-07a1923\" data-id=\"07a1923\" data-element_type=\"column\">\n\t\t\t<div class=\"elementor-widget-wrap\">\n\t\t\t\t\t\t\t<\/div>\n\t\t<\/div>\n\t\t\t\t\t<\/div>\n\t\t<\/section>\n\t\t\t\t<\/div>\n\t\t","protected":false},"excerpt":{"rendered":"<p>Home Les th\u00e9rapies anti-canc\u00e9reuses ont beaucoup \u00e9volu\u00e9 ces derni\u00e8res ann\u00e9es. Aujourd\u2019hui, un patient atteint d\u2019un cancer peut b\u00e9n\u00e9ficier d\u2019une\u00a0m\u00e9decine personnalis\u00e9e, m\u00e9decine consistant \u00e0 traiter le patient en fonction des sp\u00e9cificit\u00e9s biologiques et g\u00e9n\u00e9tiques de sa tumeur. La prescription de ces nouveaux traitements (th\u00e9rapie cibl\u00e9e ou immunoth\u00e9rapie) est conditionn\u00e9e par la mise en \u00e9vidence d\u2019anomalies mol\u00e9culaires [&hellip;]<\/p>\n","protected":false},"author":4,"featured_media":0,"parent":0,"menu_order":0,"comment_status":"closed","ping_status":"closed","template":"","meta":{"_seopress_robots_primary_cat":"","_seopress_titles_title":"CHRU de Tours. Canc\u00e9rologie. La PGMC ou Plateforme de G\u00e9n\u00e9tique Mol\u00e9culaire des Cancers.","_seopress_titles_desc":"Les th\u00e9rapies anti-canc\u00e9reuses ont beaucoup \u00e9volu\u00e9 ces derni\u00e8res ann\u00e9es. Aujourd\u2019hui, un patient atteint d\u2019un cancer peut b\u00e9n\u00e9ficier d\u2019une m\u00e9decine personnalis\u00e9e, m\u00e9decine consistant \u00e0 traiter le patient en fonction des sp\u00e9cificit\u00e9s biologiques et g\u00e9n\u00e9tiques de sa tumeur.","_seopress_robots_index":"","_exactmetrics_skip_tracking":false,"_exactmetrics_sitenote_active":false,"_exactmetrics_sitenote_note":"","_exactmetrics_sitenote_category":0,"_genesis_hide_title":false,"_genesis_hide_breadcrumbs":false,"_genesis_hide_singular_image":false,"_genesis_hide_footer_widgets":false,"_genesis_custom_body_class":"","_genesis_custom_post_class":"","_genesis_layout":"","footnotes":""},"publishpress_future_action":{"enabled":false,"date":"2026-05-01 17:55:54","action":"change-status","newStatus":"draft","terms":[],"taxonomy":""},"_links":{"self":[{"href":"https:\/\/www.chu-tours.fr\/cancerologie\/wp-json\/wp\/v2\/pages\/291"}],"collection":[{"href":"https:\/\/www.chu-tours.fr\/cancerologie\/wp-json\/wp\/v2\/pages"}],"about":[{"href":"https:\/\/www.chu-tours.fr\/cancerologie\/wp-json\/wp\/v2\/types\/page"}],"author":[{"embeddable":true,"href":"https:\/\/www.chu-tours.fr\/cancerologie\/wp-json\/wp\/v2\/users\/4"}],"replies":[{"embeddable":true,"href":"https:\/\/www.chu-tours.fr\/cancerologie\/wp-json\/wp\/v2\/comments?post=291"}],"version-history":[{"count":9,"href":"https:\/\/www.chu-tours.fr\/cancerologie\/wp-json\/wp\/v2\/pages\/291\/revisions"}],"predecessor-version":[{"id":599,"href":"https:\/\/www.chu-tours.fr\/cancerologie\/wp-json\/wp\/v2\/pages\/291\/revisions\/599"}],"wp:attachment":[{"href":"https:\/\/www.chu-tours.fr\/cancerologie\/wp-json\/wp\/v2\/media?parent=291"}],"curies":[{"name":"wp","href":"https:\/\/api.w.org\/{rel}","templated":true}]}}