{"id":285,"date":"2020-10-27T09:38:25","date_gmt":"2020-10-27T08:38:25","guid":{"rendered":"https:\/\/www.chu-tours.fr\/cancerologie\/?page_id=285"},"modified":"2020-10-29T09:57:14","modified_gmt":"2020-10-29T08:57:14","slug":"le-diagnostic-limagerie-medicale-en-cancerologie","status":"publish","type":"page","link":"https:\/\/www.chu-tours.fr\/cancerologie\/le-diagnostic-limagerie-medicale-en-cancerologie\/","title":{"rendered":"Le diagnostic &#8211; L&#8217;imagerie M\u00e9dicale en Canc\u00e9rologie"},"content":{"rendered":"\t\t<div data-elementor-type=\"wp-page\" data-elementor-id=\"285\" class=\"elementor elementor-285\" data-elementor-post-type=\"page\">\n\t\t\t\t\t\t<section class=\"elementor-section elementor-top-section elementor-element elementor-element-783a620 elementor-section-boxed elementor-section-height-default elementor-section-height-default\" data-id=\"783a620\" data-element_type=\"section\">\n\t\t\t\t\t\t<div class=\"elementor-container elementor-column-gap-default\">\n\t\t\t\t\t<div class=\"elementor-column elementor-col-100 elementor-top-column elementor-element elementor-element-d9503a5\" data-id=\"d9503a5\" data-element_type=\"column\">\n\t\t\t<div class=\"elementor-widget-wrap\">\n\t\t\t\t\t\t\t<\/div>\n\t\t<\/div>\n\t\t\t\t\t<\/div>\n\t\t<\/section>\n\t\t\t\t<section class=\"elementor-section elementor-top-section elementor-element elementor-element-5c2b1cb elementor-section-boxed elementor-section-height-default elementor-section-height-default\" data-id=\"5c2b1cb\" data-element_type=\"section\">\n\t\t\t\t\t\t<div class=\"elementor-container elementor-column-gap-default\">\n\t\t\t\t\t<div class=\"elementor-column elementor-col-100 elementor-top-column elementor-element elementor-element-4f34a55\" data-id=\"4f34a55\" data-element_type=\"column\">\n\t\t\t<div class=\"elementor-widget-wrap elementor-element-populated\">\n\t\t\t\t\t\t<div class=\"elementor-element elementor-element-a9381f7 elementor-widget elementor-widget-text-editor\" data-id=\"a9381f7\" data-element_type=\"widget\" data-widget_type=\"text-editor.default\">\n\t\t\t\t<div class=\"elementor-widget-container\">\n\t\t\t\t\t\t\t<blockquote><p>L&#8217;imagerie m\u00e9dicale est l\u2019ensemble des technologies permettant d\u2019explorer le corps humain \u00ab\u00a0in vivo\u00a0\u00bb. Ses objectifs sont d\u2019\u00e9tablir le diagnostic des maladies et d\u2019en accompagner leur traitement.<\/p><\/blockquote><p>La\u00a0 radiographie a \u00e9t\u00e9 la premi\u00e8re m\u00e9thode d\u2019imagerie m\u00e9dicale mise en \u0153uvre au d\u00e9but du \u00a020<sup>\u00e8me<\/sup>\u00a0si\u00e8cle.<\/p><p>Elle est toujours tr\u00e8s utilis\u00e9e de nos jours (radiographies des poumons, radiographies osseuses, mammographies, radiographies dentaires\u2026).<\/p><p>L\u2019\u00e9chographie, le\u00a0scanner et l\u2019imagerie par r\u00e9sonance magn\u00e9tique\u00a0(IRM) sont des technologies plus r\u00e9centes dont le d\u00e9ploiement en France depuis plus de 20 ans, a permis aux patients d\u2019en b\u00e9n\u00e9ficier dans la pratique courante. La m\u00e9decine nucl\u00e9aire est aussi une discipline en plein essor. Elle int\u00e8gre les techniques de scintigraphie et de TEP-TDM qui utilisent des traceurs radioactifs \u00e0 vis\u00e9e diagnostique et th\u00e9rapeutique.<\/p><p>Toutes ces m\u00e9thodes d\u2019imagerie sont disponibles au CHRU de Tours.<\/p>\t\t\t\t\t\t<\/div>\n\t\t\t\t<\/div>\n\t\t\t\t\t<\/div>\n\t\t<\/div>\n\t\t\t\t\t<\/div>\n\t\t<\/section>\n\t\t\t\t<section class=\"elementor-section elementor-top-section elementor-element elementor-element-edff09e elementor-section-boxed elementor-section-height-default elementor-section-height-default\" data-id=\"edff09e\" data-element_type=\"section\">\n\t\t\t\t\t\t<div class=\"elementor-container elementor-column-gap-default\">\n\t\t\t\t\t<div class=\"elementor-column elementor-col-100 elementor-top-column elementor-element elementor-element-98fadbb\" data-id=\"98fadbb\" data-element_type=\"column\">\n\t\t\t<div class=\"elementor-widget-wrap elementor-element-populated\">\n\t\t\t\t\t\t<div class=\"elementor-element elementor-element-919611c elementor-widget elementor-widget-image\" data-id=\"919611c\" data-element_type=\"widget\" data-widget_type=\"image.default\">\n\t\t\t\t<div class=\"elementor-widget-container\">\n\t\t\t\t\t\t\t\t\t\t<figure class=\"wp-caption\">\n\t\t\t\t\t\t\t\t\t\t\t<a href=\"https:\/\/www.chu-tours.fr\/cancerologie\/wp-content\/uploads\/sites\/4\/2020\/10\/imagerie-montage.jpg\" data-elementor-open-lightbox=\"yes\" data-elementor-lightbox-title=\"Diff\u00e9rents appareils d&#039;imagerie m\u00e9dicale pour la canc\u00e9rologie\" data-e-action-hash=\"#elementor-action%3Aaction%3Dlightbox%26settings%3DeyJpZCI6MjgzLCJ1cmwiOiJodHRwczpcL1wvd3d3LmNodS10b3Vycy5mclwvY2FuY2Vyb2xvZ2llXC93cC1jb250ZW50XC91cGxvYWRzXC9zaXRlc1wvNFwvMjAyMFwvMTBcL2ltYWdlcmllLW1vbnRhZ2UuanBnIn0%3D\">\n\t\t\t\t\t\t\t<img fetchpriority=\"high\" decoding=\"async\" width=\"300\" height=\"269\" src=\"https:\/\/www.chu-tours.fr\/cancerologie\/wp-content\/uploads\/sites\/4\/2020\/10\/imagerie-montage-300x269.jpg\" class=\"attachment-medium size-medium wp-image-283\" alt=\"Diff\u00e9rents appareils d&#039;imagerie m\u00e9dicale pour la canc\u00e9rologie\" srcset=\"https:\/\/www.chu-tours.fr\/cancerologie\/wp-content\/uploads\/sites\/4\/2020\/10\/imagerie-montage-300x269.jpg 300w, https:\/\/www.chu-tours.fr\/cancerologie\/wp-content\/uploads\/sites\/4\/2020\/10\/imagerie-montage.jpg 450w\" sizes=\"(max-width: 300px) 100vw, 300px\" \/>\t\t\t\t\t\t\t\t<\/a>\n\t\t\t\t\t\t\t\t\t\t\t<figcaption class=\"widget-image-caption wp-caption-text\">Diff\u00e9rents appareils d'imagerie m\u00e9dicale pour la canc\u00e9rologie<\/figcaption>\n\t\t\t\t\t\t\t\t\t\t<\/figure>\n\t\t\t\t\t\t\t<\/div>\n\t\t\t\t<\/div>\n\t\t\t\t\t<\/div>\n\t\t<\/div>\n\t\t\t\t\t<\/div>\n\t\t<\/section>\n\t\t\t\t<section class=\"elementor-section elementor-top-section elementor-element elementor-element-5e14ddb elementor-section-boxed elementor-section-height-default elementor-section-height-default\" data-id=\"5e14ddb\" data-element_type=\"section\">\n\t\t\t\t\t\t<div class=\"elementor-container elementor-column-gap-default\">\n\t\t\t\t\t<div class=\"elementor-column elementor-col-50 elementor-top-column elementor-element elementor-element-b6d4d38\" data-id=\"b6d4d38\" data-element_type=\"column\">\n\t\t\t<div class=\"elementor-widget-wrap elementor-element-populated\">\n\t\t\t\t\t\t<div class=\"elementor-element elementor-element-68706a02 elementor-widget elementor-widget-text-editor\" data-id=\"68706a02\" data-element_type=\"widget\" data-widget_type=\"text-editor.default\">\n\t\t\t\t<div class=\"elementor-widget-container\">\n\t\t\t\t\t\t\t<p>Dans le domaine de la canc\u00e9rologie,\u00a0l\u2019imagerie m\u00e9dicale est indispensable pour\u00a0:<\/p><ul><li>diagnostiquer et \u00a0caract\u00e9riser une tumeur canc\u00e9reuse,<\/li><li>r\u00e9aliser le bilan d\u2019extension d\u2019un cancer avant traitement,<\/li><li>\u00e9valuer et suivre l\u2019efficacit\u00e9 des traitements anticanc\u00e9reux (chirurgie, radioth\u00e9rapie, chimioth\u00e9rapie, th\u00e9rapies cibl\u00e9es\u2026).\u00a0\u00a0<\/li><\/ul><p>Avec les progr\u00e8s technologiques et informatiques constants, les m\u00e9thodes d\u2019imagerie m\u00e9dicale sont de plus en plus pr\u00e9cises pour am\u00e9liorer la prise en charge des patients et apporter des r\u00e9ponses aux attentes des canc\u00e9rologues. Mais, de nos jours, l\u2019imagerie ne s\u2019arr\u00eate plus \u00e0 la simple localisation des tumeurs ; elle offre aussi des informations pr\u00e9cieuses sur l\u2019activit\u00e9 tumorale.<\/p><p>En outre, depuis le d\u00e9but des ann\u00e9es 2000, l\u2019accent a \u00e9t\u00e9 mis en canc\u00e9rologie, sur le d\u00e9pistage des cancers ainsi que sur le d\u00e9veloppement de moyens diagnostiques et th\u00e9rapeutiques dits \u00ab\u00a0mini-invasifs\u00a0\u00bb. Pour illustrer cette tendance, le cancer du sein est un tr\u00e8s bon exemple car son d\u00e9pistage est bas\u00e9 sur la mammographie qui est un examen d\u2019imagerie de r\u00e9alisation simple, et son diagnostic et son traitement font appel \u00e0 des technologies innovantes mini invasives telles que\u00a0 la\u00a0<strong>macrobiopsie\u00a0<\/strong>sous st\u00e9r\u00e9otaxie et la microbiopsie \/macrobiopsie sous \u00e9chographie ou sous IRM.<\/p><p>Enfin, l\u2019imagerie m\u00e9dicale est un outil indispensable pour promouvoir la recherche clinique en canc\u00e9rologie. De tr\u00e8s nombreux protocoles institutionnels ou soutenus par l&#8217;industrie pharmaceutique sont men\u00e9s \u00e0 bien, tous les ans au CHU de Tours, et font pour la plupart d\u2019entre eux, appel \u00e0 des techniques d\u2019imagerie.<\/p>\t\t\t\t\t\t<\/div>\n\t\t\t\t<\/div>\n\t\t\t\t\t<\/div>\n\t\t<\/div>\n\t\t\t\t<div class=\"elementor-column elementor-col-50 elementor-top-column elementor-element elementor-element-4a57214\" data-id=\"4a57214\" data-element_type=\"column\">\n\t\t\t<div class=\"elementor-widget-wrap\">\n\t\t\t\t\t\t\t<\/div>\n\t\t<\/div>\n\t\t\t\t\t<\/div>\n\t\t<\/section>\n\t\t\t\t<section class=\"elementor-section elementor-top-section elementor-element elementor-element-75c3f5f elementor-section-boxed elementor-section-height-default elementor-section-height-default\" data-id=\"75c3f5f\" data-element_type=\"section\">\n\t\t\t\t\t\t<div class=\"elementor-container elementor-column-gap-default\">\n\t\t\t\t\t<div class=\"elementor-column elementor-col-100 elementor-top-column elementor-element elementor-element-ced55d3\" data-id=\"ced55d3\" data-element_type=\"column\">\n\t\t\t<div class=\"elementor-widget-wrap elementor-element-populated\">\n\t\t\t\t\t\t<div class=\"elementor-element elementor-element-3d29d10 elementor-widget elementor-widget-image\" data-id=\"3d29d10\" data-element_type=\"widget\" data-widget_type=\"image.default\">\n\t\t\t\t<div class=\"elementor-widget-container\">\n\t\t\t\t\t\t\t\t\t\t<figure class=\"wp-caption\">\n\t\t\t\t\t\t\t\t\t\t\t<a href=\"https:\/\/www.chu-tours.fr\/cancerologie\/wp-content\/uploads\/sites\/4\/2020\/10\/imagerie-tep-tdm.jpg\" data-elementor-open-lightbox=\"yes\" data-elementor-lightbox-title=\"Photo TEP TDM du CHU de Tours\" data-e-action-hash=\"#elementor-action%3Aaction%3Dlightbox%26settings%3DeyJpZCI6Mjg0LCJ1cmwiOiJodHRwczpcL1wvd3d3LmNodS10b3Vycy5mclwvY2FuY2Vyb2xvZ2llXC93cC1jb250ZW50XC91cGxvYWRzXC9zaXRlc1wvNFwvMjAyMFwvMTBcL2ltYWdlcmllLXRlcC10ZG0uanBnIn0%3D\">\n\t\t\t\t\t\t\t<img decoding=\"async\" width=\"300\" height=\"163\" src=\"https:\/\/www.chu-tours.fr\/cancerologie\/wp-content\/uploads\/sites\/4\/2020\/10\/imagerie-tep-tdm-300x163.jpg\" class=\"attachment-medium size-medium wp-image-284\" alt=\"Photo TEP TDM du CHU de Tours\" srcset=\"https:\/\/www.chu-tours.fr\/cancerologie\/wp-content\/uploads\/sites\/4\/2020\/10\/imagerie-tep-tdm-300x163.jpg 300w, https:\/\/www.chu-tours.fr\/cancerologie\/wp-content\/uploads\/sites\/4\/2020\/10\/imagerie-tep-tdm.jpg 423w\" sizes=\"(max-width: 300px) 100vw, 300px\" \/>\t\t\t\t\t\t\t\t<\/a>\n\t\t\t\t\t\t\t\t\t\t\t<figcaption class=\"widget-image-caption wp-caption-text\">TEP (tomographie par \u00e9mission de positions) TDM (tomodensitom\u00e9trie, scanner)<\/figcaption>\n\t\t\t\t\t\t\t\t\t\t<\/figure>\n\t\t\t\t\t\t\t<\/div>\n\t\t\t\t<\/div>\n\t\t\t\t\t<\/div>\n\t\t<\/div>\n\t\t\t\t\t<\/div>\n\t\t<\/section>\n\t\t\t\t<\/div>\n\t\t","protected":false},"excerpt":{"rendered":"<p>Home L&#8217;imagerie m\u00e9dicale est l\u2019ensemble des technologies permettant d\u2019explorer le corps humain \u00ab\u00a0in vivo\u00a0\u00bb. Ses objectifs sont d\u2019\u00e9tablir le diagnostic des maladies et d\u2019en accompagner leur traitement. La\u00a0 radiographie a \u00e9t\u00e9 la premi\u00e8re m\u00e9thode d\u2019imagerie m\u00e9dicale mise en \u0153uvre au d\u00e9but du \u00a020\u00e8me\u00a0si\u00e8cle. Elle est toujours tr\u00e8s utilis\u00e9e de nos jours (radiographies des poumons, radiographies [&hellip;]<\/p>\n","protected":false},"author":4,"featured_media":0,"parent":0,"menu_order":0,"comment_status":"closed","ping_status":"closed","template":"","meta":{"_seopress_robots_primary_cat":"","_seopress_titles_title":"CHRU de Tours. Canc\u00e9rologie. L&#039;imagerie M\u00e9dicale en Canc\u00e9rologie.","_seopress_titles_desc":"L&#039;imagerie m\u00e9dicale est l\u2019ensemble des technologies permettant d\u2019explorer le corps humain \u00ab in vivo \u00bb. Ses objectifs sont d\u2019\u00e9tablir le diagnostic des maladies et d\u2019en accompagner leur traitement.","_seopress_robots_index":"","_exactmetrics_skip_tracking":false,"_exactmetrics_sitenote_active":false,"_exactmetrics_sitenote_note":"","_exactmetrics_sitenote_category":0,"_genesis_hide_title":false,"_genesis_hide_breadcrumbs":false,"_genesis_hide_singular_image":false,"_genesis_hide_footer_widgets":false,"_genesis_custom_body_class":"","_genesis_custom_post_class":"","_genesis_layout":"","footnotes":""},"publishpress_future_action":{"enabled":false,"date":"2026-05-08 23:07:56","action":"change-status","newStatus":"draft","terms":[],"taxonomy":""},"_links":{"self":[{"href":"https:\/\/www.chu-tours.fr\/cancerologie\/wp-json\/wp\/v2\/pages\/285"}],"collection":[{"href":"https:\/\/www.chu-tours.fr\/cancerologie\/wp-json\/wp\/v2\/pages"}],"about":[{"href":"https:\/\/www.chu-tours.fr\/cancerologie\/wp-json\/wp\/v2\/types\/page"}],"author":[{"embeddable":true,"href":"https:\/\/www.chu-tours.fr\/cancerologie\/wp-json\/wp\/v2\/users\/4"}],"replies":[{"embeddable":true,"href":"https:\/\/www.chu-tours.fr\/cancerologie\/wp-json\/wp\/v2\/comments?post=285"}],"version-history":[{"count":5,"href":"https:\/\/www.chu-tours.fr\/cancerologie\/wp-json\/wp\/v2\/pages\/285\/revisions"}],"predecessor-version":[{"id":597,"href":"https:\/\/www.chu-tours.fr\/cancerologie\/wp-json\/wp\/v2\/pages\/285\/revisions\/597"}],"wp:attachment":[{"href":"https:\/\/www.chu-tours.fr\/cancerologie\/wp-json\/wp\/v2\/media?parent=285"}],"curies":[{"name":"wp","href":"https:\/\/api.w.org\/{rel}","templated":true}]}}