{"id":222,"date":"2020-10-26T15:28:03","date_gmt":"2020-10-26T14:28:03","guid":{"rendered":"https:\/\/www.chu-tours.fr\/cancerologie\/?page_id=222"},"modified":"2020-10-29T09:55:05","modified_gmt":"2020-10-29T08:55:05","slug":"le-depistage","status":"publish","type":"page","link":"https:\/\/www.chu-tours.fr\/cancerologie\/le-depistage\/","title":{"rendered":"Le d\u00e9pistage"},"content":{"rendered":"\t\t<div data-elementor-type=\"wp-page\" data-elementor-id=\"222\" class=\"elementor elementor-222\" data-elementor-post-type=\"page\">\n\t\t\t\t\t\t<section class=\"elementor-section elementor-top-section elementor-element elementor-element-90fa4bd elementor-section-boxed elementor-section-height-default elementor-section-height-default\" data-id=\"90fa4bd\" data-element_type=\"section\">\n\t\t\t\t\t\t<div class=\"elementor-container elementor-column-gap-default\">\n\t\t\t\t\t<div class=\"elementor-column elementor-col-100 elementor-top-column elementor-element elementor-element-83c27ce\" data-id=\"83c27ce\" data-element_type=\"column\">\n\t\t\t<div class=\"elementor-widget-wrap\">\n\t\t\t\t\t\t\t<\/div>\n\t\t<\/div>\n\t\t\t\t\t<\/div>\n\t\t<\/section>\n\t\t\t\t<section class=\"elementor-section elementor-top-section elementor-element elementor-element-717eb6eb elementor-section-boxed elementor-section-height-default elementor-section-height-default\" data-id=\"717eb6eb\" data-element_type=\"section\">\n\t\t\t\t\t\t<div class=\"elementor-container elementor-column-gap-default\">\n\t\t\t\t\t<div class=\"elementor-column elementor-col-100 elementor-top-column elementor-element elementor-element-6a5b6d50\" data-id=\"6a5b6d50\" data-element_type=\"column\">\n\t\t\t<div class=\"elementor-widget-wrap elementor-element-populated\">\n\t\t\t\t\t\t<div class=\"elementor-element elementor-element-9aa98fc elementor-widget elementor-widget-text-editor\" data-id=\"9aa98fc\" data-element_type=\"widget\" data-widget_type=\"text-editor.default\">\n\t\t\t\t<div class=\"elementor-widget-container\">\n\t\t\t\t\t\t\t<blockquote><p>Le Centre de Coordination des D\u00e9pistages des Cancers (CCDC) du CHRU de Tours est la structure en charge au niveau d\u00e9partemental de l\u2019organisation des programmes de d\u00e9pistage des cancers du sein et colorectal.<\/p><p>De plus, le CCDC a \u00e9t\u00e9 retenu pour mettre en place \u00e0 l\u2019\u00e9chelon r\u00e9gional un programme de d\u00e9pistage organis\u00e9 du cancer du col de l\u2019ut\u00e9rus.<\/p><\/blockquote>\t\t\t\t\t\t<\/div>\n\t\t\t\t<\/div>\n\t\t\t\t\t<\/div>\n\t\t<\/div>\n\t\t\t\t\t<\/div>\n\t\t<\/section>\n\t\t\t\t<section class=\"elementor-section elementor-top-section elementor-element elementor-element-0b92217 elementor-section-boxed elementor-section-height-default elementor-section-height-default\" data-id=\"0b92217\" data-element_type=\"section\">\n\t\t\t\t\t\t<div class=\"elementor-container elementor-column-gap-default\">\n\t\t\t\t\t<div class=\"elementor-column elementor-col-100 elementor-top-column elementor-element elementor-element-5250571\" data-id=\"5250571\" data-element_type=\"column\">\n\t\t\t<div class=\"elementor-widget-wrap elementor-element-populated\">\n\t\t\t\t\t\t<div class=\"elementor-element elementor-element-3f7f98c elementor-widget elementor-widget-heading\" data-id=\"3f7f98c\" data-element_type=\"widget\" data-widget_type=\"heading.default\">\n\t\t\t\t<div class=\"elementor-widget-container\">\n\t\t\t<h2 class=\"elementor-heading-title elementor-size-default\">D\u00e9pistage organis\u00e9 du cancer du sein<\/h2>\t\t<\/div>\n\t\t\t\t<\/div>\n\t\t\t\t\t<\/div>\n\t\t<\/div>\n\t\t\t\t\t<\/div>\n\t\t<\/section>\n\t\t\t\t<section class=\"elementor-section elementor-top-section elementor-element elementor-element-5e14ddb elementor-section-boxed elementor-section-height-default elementor-section-height-default\" data-id=\"5e14ddb\" data-element_type=\"section\">\n\t\t\t\t\t\t<div class=\"elementor-container elementor-column-gap-default\">\n\t\t\t\t\t<div class=\"elementor-column elementor-col-50 elementor-top-column elementor-element elementor-element-b6d4d38\" data-id=\"b6d4d38\" data-element_type=\"column\">\n\t\t\t<div class=\"elementor-widget-wrap elementor-element-populated\">\n\t\t\t\t\t\t<div class=\"elementor-element elementor-element-68706a02 elementor-widget elementor-widget-text-editor\" data-id=\"68706a02\" data-element_type=\"widget\" data-widget_type=\"text-editor.default\">\n\t\t\t\t<div class=\"elementor-widget-container\">\n\t\t\t\t\t\t\t<p><span style=\"font-size: 14pt;\">Dans le cadre du d\u00e9pistage organis\u00e9 du cancer du sein, le CCDC convie les <b>femmes de 50 \u00e0 74 ans<\/b> sans facteur de risque particulier \u00e0 r\u00e9aliser une <b>mammographie <\/b>(sans avance de frais) et un <b>examen clinique des seins tous les 2 ans<\/b> par un <b>radiologue agr\u00e9\u00e9<\/b>.<\/span><\/p><p><span style=\"font-size: 14pt;\">Les mammographies jug\u00e9es normales en premi\u00e8re lecture b\u00e9n\u00e9ficient d\u2019une seconde lecture par un radiologue \u00ab expert \u00bb au sein du CCDC.<\/span><\/p><p><span style=\"font-size: 14pt;\"><i>D\u00e9tect\u00e9 \u00e0 un stade pr\u00e9coce, le cancer du sein peut \u00eatre gu\u00e9ri dans 9 cas sur 10 et aussi soign\u00e9 par des traitements moins lourds<\/i>.<\/span><\/p>\t\t\t\t\t\t<\/div>\n\t\t\t\t<\/div>\n\t\t\t\t\t<\/div>\n\t\t<\/div>\n\t\t\t\t<div class=\"elementor-column elementor-col-50 elementor-top-column elementor-element elementor-element-4a57214\" data-id=\"4a57214\" data-element_type=\"column\">\n\t\t\t<div class=\"elementor-widget-wrap elementor-element-populated\">\n\t\t\t\t\t\t<div class=\"elementor-element elementor-element-07b83af elementor-align-left elementor-icon-list--layout-traditional elementor-list-item-link-full_width elementor-widget elementor-widget-icon-list\" data-id=\"07b83af\" data-element_type=\"widget\" data-widget_type=\"icon-list.default\">\n\t\t\t\t<div class=\"elementor-widget-container\">\n\t\t\t\t\t<ul class=\"elementor-icon-list-items\">\n\t\t\t\t\t\t\t<li class=\"elementor-icon-list-item\">\n\t\t\t\t\t\t\t\t\t\t\t<span class=\"elementor-icon-list-icon\">\n\t\t\t\t\t\t\t<i aria-hidden=\"true\" class=\"fas fa-phone-alt\"><\/i>\t\t\t\t\t\t<\/span>\n\t\t\t\t\t\t\t\t\t\t<span class=\"elementor-icon-list-text\">Contacter le service<\/span>\n\t\t\t\t\t\t\t\t\t<\/li>\n\t\t\t\t\t\t<\/ul>\n\t\t\t\t<\/div>\n\t\t\t\t<\/div>\n\t\t\t\t<div class=\"elementor-element elementor-element-1a5f266 elementor-widget elementor-widget-text-editor\" data-id=\"1a5f266\" data-element_type=\"widget\" data-widget_type=\"text-editor.default\">\n\t\t\t\t<div class=\"elementor-widget-container\">\n\t\t\t\t\t\t\t<p>Le CCDC est porteur de diff\u00e9rents projets de recherche et travaille en collaboration avec l\u2019\u00e9quipe <strong>\u00c9ducation \u00c9thique Sant\u00e9 de l\u2019Universit\u00e9 de Tours<\/strong> ainsi que le groupe<strong> Sciences Humaines et Sociales &amp; Cancer du Canc\u00e9rop\u00f4le Grand-Ouest.<\/strong><br \/>Plus d\u2019infos : <a href=\"http:\/\/www.ccdc37.fr\" target=\"_blank\" rel=\"noopener\">www.ccdc37.fr<\/a>.<\/p><p><strong>Contact<\/strong>\u00a0<\/p><ul><li>Sein : <strong>02 47 47 98 91<\/strong><\/li><li>Colorectal : <strong>02 47 47 98 92<\/strong><\/li><li>Col de l\u2019ut\u00e9rus : <strong>02 47 47 98 94<\/strong><\/li><\/ul>\t\t\t\t\t\t<\/div>\n\t\t\t\t<\/div>\n\t\t\t\t\t<\/div>\n\t\t<\/div>\n\t\t\t\t\t<\/div>\n\t\t<\/section>\n\t\t\t\t<section class=\"elementor-section elementor-top-section elementor-element elementor-element-2b56a478 elementor-section-boxed elementor-section-height-default elementor-section-height-default\" data-id=\"2b56a478\" data-element_type=\"section\">\n\t\t\t\t\t\t<div class=\"elementor-container elementor-column-gap-default\">\n\t\t\t\t\t<div class=\"elementor-column elementor-col-100 elementor-top-column elementor-element elementor-element-2a73e70c\" data-id=\"2a73e70c\" data-element_type=\"column\">\n\t\t\t<div class=\"elementor-widget-wrap elementor-element-populated\">\n\t\t\t\t\t\t<div class=\"elementor-element elementor-element-5463c43 elementor-widget elementor-widget-heading\" data-id=\"5463c43\" data-element_type=\"widget\" data-widget_type=\"heading.default\">\n\t\t\t\t<div class=\"elementor-widget-container\">\n\t\t\t<h2 class=\"elementor-heading-title elementor-size-default\">D\u00e9pistage organis\u00e9 du cancer colorectal<\/h2>\t\t<\/div>\n\t\t\t\t<\/div>\n\t\t\t\t\t<\/div>\n\t\t<\/div>\n\t\t\t\t\t<\/div>\n\t\t<\/section>\n\t\t\t\t<section class=\"elementor-section elementor-top-section elementor-element elementor-element-f5e691f elementor-section-boxed elementor-section-height-default elementor-section-height-default\" data-id=\"f5e691f\" data-element_type=\"section\">\n\t\t\t\t\t\t<div class=\"elementor-container elementor-column-gap-default\">\n\t\t\t\t\t<div class=\"elementor-column elementor-col-50 elementor-top-column elementor-element elementor-element-75644c5\" data-id=\"75644c5\" data-element_type=\"column\">\n\t\t\t<div class=\"elementor-widget-wrap elementor-element-populated\">\n\t\t\t\t\t\t<div class=\"elementor-element elementor-element-a2dd344 elementor-widget elementor-widget-text-editor\" data-id=\"a2dd344\" data-element_type=\"widget\" data-widget_type=\"text-editor.default\">\n\t\t\t\t<div class=\"elementor-widget-container\">\n\t\t\t\t\t\t\t<p>Le d\u00e9pistage organis\u00e9 du cancer colorectal s\u2019adresse aux <b>hommes <\/b>et aux <b>femmes <\/b>\u00e2g\u00e9s de <strong>50 \u00e0 74 ans<\/strong>. Tous les <strong>2 ans<\/strong>, ils sont invit\u00e9s \u00e0 retirer un <strong>test de d\u00e9pistage<\/strong> chez leur m\u00e9decin. Apr\u00e8s une \u00e9valuation m\u00e9dicale, le m\u00e9decin propose soit la r\u00e9alisation du test soit une surveillance sp\u00e9cifique personnalis\u00e9e. Le test de d\u00e9pistage est <strong>simple<\/strong>, <strong>indolore<\/strong> et \u00e0 faire <strong>chez soi<\/strong>.<\/p><p><em>Un d\u00e9pistage r\u00e9gulier permet de d\u00e9tecter des polypes avant qu\u2019ils n\u2019\u00e9voluent vers un cancer ou d\u2019identifier la maladie \u00e0 un stade tr\u00e8s pr\u00e9coce avant l\u2019apparition des sympt\u00f4mes.<\/em><\/p>\t\t\t\t\t\t<\/div>\n\t\t\t\t<\/div>\n\t\t\t\t\t<\/div>\n\t\t<\/div>\n\t\t\t\t<div class=\"elementor-column elementor-col-50 elementor-top-column elementor-element elementor-element-97ef9c8\" data-id=\"97ef9c8\" data-element_type=\"column\">\n\t\t\t<div class=\"elementor-widget-wrap\">\n\t\t\t\t\t\t\t<\/div>\n\t\t<\/div>\n\t\t\t\t\t<\/div>\n\t\t<\/section>\n\t\t\t\t<section class=\"elementor-section elementor-top-section elementor-element elementor-element-9fc6287 elementor-section-boxed elementor-section-height-default elementor-section-height-default\" data-id=\"9fc6287\" data-element_type=\"section\">\n\t\t\t\t\t\t<div class=\"elementor-container elementor-column-gap-default\">\n\t\t\t\t\t<div class=\"elementor-column elementor-col-100 elementor-top-column elementor-element elementor-element-a2797bf\" data-id=\"a2797bf\" data-element_type=\"column\">\n\t\t\t<div class=\"elementor-widget-wrap elementor-element-populated\">\n\t\t\t\t\t\t<div class=\"elementor-element elementor-element-a5607b3 elementor-widget elementor-widget-heading\" data-id=\"a5607b3\" data-element_type=\"widget\" data-widget_type=\"heading.default\">\n\t\t\t\t<div class=\"elementor-widget-container\">\n\t\t\t<h2 class=\"elementor-heading-title elementor-size-default\">D\u00e9pistage organis\u00e9 du cancer du col de l\u2019ut\u00e9rus<\/h2>\t\t<\/div>\n\t\t\t\t<\/div>\n\t\t\t\t\t<\/div>\n\t\t<\/div>\n\t\t\t\t\t<\/div>\n\t\t<\/section>\n\t\t\t\t<section class=\"elementor-section elementor-top-section elementor-element elementor-element-51b5807 elementor-section-boxed elementor-section-height-default elementor-section-height-default\" data-id=\"51b5807\" data-element_type=\"section\">\n\t\t\t\t\t\t<div class=\"elementor-container elementor-column-gap-default\">\n\t\t\t\t\t<div class=\"elementor-column elementor-col-50 elementor-top-column elementor-element elementor-element-3271133\" data-id=\"3271133\" data-element_type=\"column\">\n\t\t\t<div class=\"elementor-widget-wrap elementor-element-populated\">\n\t\t\t\t\t\t<div class=\"elementor-element elementor-element-58b7a87 elementor-widget elementor-widget-text-editor\" data-id=\"58b7a87\" data-element_type=\"widget\" data-widget_type=\"text-editor.default\">\n\t\t\t\t<div class=\"elementor-widget-container\">\n\t\t\t\t\t\t\t<p>Il est recommand\u00e9 aux <strong>femmes de 25 \u00e0 65 ans<\/strong> de r\u00e9aliser un <strong>frottis cervico-ut\u00e9rin<\/strong> tous les <strong>3 ans<\/strong>, apr\u00e8s 2 frottis normaux \u00e0 1 an d\u2019intervalle.<\/p><p>Dans ce cadre, le CCDC invite les femmes non d\u00e9pist\u00e9es par courrier. La <strong>vaccination<\/strong> anti-HPV est recommand\u00e9e pour les <strong>jeunes filles de 11 \u00e0 14 ans et jusqu\u2019\u00e0 l\u2019\u00e2ge de 19 ans<\/strong>. Cependant, <strong>m\u00eame vaccin\u00e9e, le frottis reste indispensable d\u00e8s 25 ans<\/strong>.<\/p><p><em>Le frottis permet de d\u00e9tecter pr\u00e9cocement les l\u00e9sions pr\u00e9canc\u00e9reuses. Traiter ces l\u00e9sions le plus t\u00f4t possible permet d\u2019\u00e9viter l\u2019apparition de la maladie<\/em>.<\/p><p>Le CCDC est porteur de diff\u00e9rents projets de recherche et travaille en collaboration avec l\u2019\u00e9quipe \u00c9ducation \u00c9thique Sant\u00e9 de l\u2019Universit\u00e9 de Tours ainsi que le groupe Sciences Humaines et Sociales &amp; Cancer du Canc\u00e9rop\u00f4le Grand-Ouest.<\/p>\t\t\t\t\t\t<\/div>\n\t\t\t\t<\/div>\n\t\t\t\t\t<\/div>\n\t\t<\/div>\n\t\t\t\t<div class=\"elementor-column elementor-col-50 elementor-top-column elementor-element elementor-element-8de23bc\" data-id=\"8de23bc\" data-element_type=\"column\">\n\t\t\t<div class=\"elementor-widget-wrap\">\n\t\t\t\t\t\t\t<\/div>\n\t\t<\/div>\n\t\t\t\t\t<\/div>\n\t\t<\/section>\n\t\t\t\t<\/div>\n\t\t","protected":false},"excerpt":{"rendered":"<p>Home Le Centre de Coordination des D\u00e9pistages des Cancers (CCDC) du CHRU de Tours est la structure en charge au niveau d\u00e9partemental de l\u2019organisation des programmes de d\u00e9pistage des cancers du sein et colorectal. De plus, le CCDC a \u00e9t\u00e9 retenu pour mettre en place \u00e0 l\u2019\u00e9chelon r\u00e9gional un programme de d\u00e9pistage organis\u00e9 du cancer [&hellip;]<\/p>\n","protected":false},"author":4,"featured_media":0,"parent":0,"menu_order":0,"comment_status":"closed","ping_status":"closed","template":"","meta":{"_seopress_robots_primary_cat":"","_seopress_titles_title":"CHRU de Tours. Canc\u00e9rologie. Le d\u00e9pistage.","_seopress_titles_desc":"Le Centre de Coordination des D\u00e9pistages des Cancers (CCDC) du CHRU de Tours est la structure en charge au niveau d\u00e9partemental de l\u2019organisation des programmes de d\u00e9pistage des cancers du sein et colorectal.\r\nDe plus, le CCDC a \u00e9t\u00e9 retenu pour mettre en place \u00e0 l\u2019\u00e9chelon r\u00e9gional un programme de d\u00e9pistage organis\u00e9 du cancer du col de l\u2019ut\u00e9rus.","_seopress_robots_index":"","_exactmetrics_skip_tracking":false,"_exactmetrics_sitenote_active":false,"_exactmetrics_sitenote_note":"","_exactmetrics_sitenote_category":0,"_genesis_hide_title":false,"_genesis_hide_breadcrumbs":false,"_genesis_hide_singular_image":false,"_genesis_hide_footer_widgets":false,"_genesis_custom_body_class":"","_genesis_custom_post_class":"","_genesis_layout":"","footnotes":""},"publishpress_future_action":{"enabled":false,"date":"2026-05-11 05:25:04","action":"change-status","newStatus":"draft","terms":[],"taxonomy":""},"_links":{"self":[{"href":"https:\/\/www.chu-tours.fr\/cancerologie\/wp-json\/wp\/v2\/pages\/222"}],"collection":[{"href":"https:\/\/www.chu-tours.fr\/cancerologie\/wp-json\/wp\/v2\/pages"}],"about":[{"href":"https:\/\/www.chu-tours.fr\/cancerologie\/wp-json\/wp\/v2\/types\/page"}],"author":[{"embeddable":true,"href":"https:\/\/www.chu-tours.fr\/cancerologie\/wp-json\/wp\/v2\/users\/4"}],"replies":[{"embeddable":true,"href":"https:\/\/www.chu-tours.fr\/cancerologie\/wp-json\/wp\/v2\/comments?post=222"}],"version-history":[{"count":20,"href":"https:\/\/www.chu-tours.fr\/cancerologie\/wp-json\/wp\/v2\/pages\/222\/revisions"}],"predecessor-version":[{"id":591,"href":"https:\/\/www.chu-tours.fr\/cancerologie\/wp-json\/wp\/v2\/pages\/222\/revisions\/591"}],"wp:attachment":[{"href":"https:\/\/www.chu-tours.fr\/cancerologie\/wp-json\/wp\/v2\/media?parent=222"}],"curies":[{"name":"wp","href":"https:\/\/api.w.org\/{rel}","templated":true}]}}