{"id":187,"date":"2020-10-09T16:40:43","date_gmt":"2020-10-09T14:40:43","guid":{"rendered":"https:\/\/www.chu-tours.fr\/cancerologie\/?page_id=187"},"modified":"2020-10-29T09:52:56","modified_gmt":"2020-10-29T08:52:56","slug":"les-cancers-du-poumon","status":"publish","type":"page","link":"https:\/\/www.chu-tours.fr\/cancerologie\/les-cancers-du-poumon\/","title":{"rendered":"Les cancers du poumon"},"content":{"rendered":"\t\t<div data-elementor-type=\"wp-page\" data-elementor-id=\"187\" class=\"elementor elementor-187\" data-elementor-post-type=\"page\">\n\t\t\t\t\t\t<section class=\"elementor-section elementor-top-section elementor-element elementor-element-df11e25 elementor-section-boxed elementor-section-height-default elementor-section-height-default\" data-id=\"df11e25\" data-element_type=\"section\">\n\t\t\t\t\t\t<div class=\"elementor-container elementor-column-gap-default\">\n\t\t\t\t\t<div class=\"elementor-column elementor-col-100 elementor-top-column elementor-element elementor-element-639ef54\" data-id=\"639ef54\" data-element_type=\"column\">\n\t\t\t<div class=\"elementor-widget-wrap\">\n\t\t\t\t\t\t\t<\/div>\n\t\t<\/div>\n\t\t\t\t\t<\/div>\n\t\t<\/section>\n\t\t\t\t<section class=\"elementor-section elementor-top-section elementor-element elementor-element-22e5c114 elementor-section-boxed elementor-section-height-default elementor-section-height-default\" data-id=\"22e5c114\" data-element_type=\"section\">\n\t\t\t\t\t\t<div class=\"elementor-container elementor-column-gap-default\">\n\t\t\t\t\t<div class=\"elementor-column elementor-col-100 elementor-top-column elementor-element elementor-element-2c2a2d25\" data-id=\"2c2a2d25\" data-element_type=\"column\">\n\t\t\t<div class=\"elementor-widget-wrap elementor-element-populated\">\n\t\t\t\t\t\t<div class=\"elementor-element elementor-element-54f84f0a elementor-widget elementor-widget-heading\" data-id=\"54f84f0a\" data-element_type=\"widget\" data-widget_type=\"heading.default\">\n\t\t\t\t<div class=\"elementor-widget-container\">\n\t\t\t<h2 class=\"elementor-heading-title elementor-size-default\">Pr\u00e9sentation des cancers du poumon<\/h2>\t\t<\/div>\n\t\t\t\t<\/div>\n\t\t\t\t\t<\/div>\n\t\t<\/div>\n\t\t\t\t\t<\/div>\n\t\t<\/section>\n\t\t\t\t<section class=\"elementor-section elementor-top-section elementor-element elementor-element-781d68fc elementor-section-boxed elementor-section-height-default elementor-section-height-default\" data-id=\"781d68fc\" data-element_type=\"section\">\n\t\t\t\t\t\t<div class=\"elementor-container elementor-column-gap-default\">\n\t\t\t\t\t<div class=\"elementor-column elementor-col-100 elementor-top-column elementor-element elementor-element-662b6493\" data-id=\"662b6493\" data-element_type=\"column\">\n\t\t\t<div class=\"elementor-widget-wrap elementor-element-populated\">\n\t\t\t\t\t\t<div class=\"elementor-element elementor-element-cc499f1 elementor-widget elementor-widget-text-editor\" data-id=\"cc499f1\" data-element_type=\"widget\" data-widget_type=\"text-editor.default\">\n\t\t\t\t<div class=\"elementor-widget-container\">\n\t\t\t\t\t\t\t<p>Le cancer broncho-pulmonaire est un des cancers les plus fr\u00e9quents avec pr\u00e8s de 39000 nouveaux cas par an en France. L\u2019\u00e9quipe de Pneumologie du CHU de Tours prend en charge environ 350 nouveaux patients par an.<\/p><p>Le tabac est le premier facteur de risque de ce cancer. La pr\u00e9vention du cancer et son d\u00e9pistage pr\u00e9coce dans le service de pneumologie du CHU de Tours est en lien \u00e9troit avec la tabacologie pour aider au sevrage du tabac toute personne le d\u00e9sirant. Nous sommes tr\u00e8s impliqu\u00e9s dans des \u00e9tudes de recherche clinique pour d\u00e9monter l\u2019int\u00e9r\u00eat du d\u00e9pistage du cancer pulmonaire comme le prouve son importante adh\u00e9sion au projet AIR (<a href=\"http:\/\/www.projet-air.org\/\" target=\"_blank\" rel=\"noopener\">http:\/\/www.projet-air.org\/<\/a>) (<a href=\"http:\/\/www.lanouvellerepublique.fr\/Indre\/Actualite\/Sante\/n\/Contenus\/Articles\/2016\/08\/01\/Depistage-du-cancer-on-recherche-des-volontaires-2798316\" target=\"_blank\" rel=\"noopener\">http:\/\/www.lanouvellerepublique.fr\/Indre\/Actualite\/Sante\/n\/Contenus\/Articles\/2016\/08\/01\/Depistage-du-cancer-on-recherche-des-volontaires-2798316<\/a>)<\/p><p>Nous disposons d\u2019un plateau technique offrant toutes les techniques d\u2019explorations n\u00e9cessaires pour aboutir \u00e0 un diagnostic rapide telles que la fibroscopie bronchique mais \u00e9galement l\u2019\u00e9cho endoscope bronchique qui permet l\u2019exploration de ganglions autour des bronches \u00e9vitant ainsi certaines interventions chirurgicales \u00e0 vis\u00e9e diagnostique. Il s\u2019agit de technologies r\u00e9centes mini-invasives r\u00e9alis\u00e9es en ambulatoire qui aboutissent au diagnostic plus rapidement et de mani\u00e8re moins agressive que la chirurgie.<\/p><p>Chaque cancer est diff\u00e9rent et sa caract\u00e9risation pr\u00e9cise est indispensable pour adapter au mieux le traitement. C\u2019est pour cela que tous les pr\u00e9l\u00e8vements r\u00e9alis\u00e9s \u00e0 vis\u00e9e diagnostic sont syst\u00e9matiquement adress\u00e9s \u00e0 la plateforme de biologie mol\u00e9culaire des cancers labellis\u00e9e par l\u2019Inca qui r\u00e9alisera cette caract\u00e9risation. La proximit\u00e9 et son implantation au c\u0153ur m\u00eame du CHU de Tours permettent des d\u00e9lais de rendus de r\u00e9sultats parmi les plus courts. <br \/>Les traitements propos\u00e9s au patient tiennent compte des recommandations nationales et internationales de prise en charge du cancer bronchique allant de la chirurgie, de la radioth\u00e9rapie st\u00e9r\u00e9otaxique (cyberknife), de la radiochimioth\u00e9rapie \u00e0 la chimioth\u00e9rapie, immunoth\u00e9rapie ou th\u00e9rapies cibl\u00e9es. Pour certains patients provenant de l\u2019ensemble de la r\u00e9gion, une lib\u00e9ration des voies a\u00e9riennes est n\u00e9cessaire. Les m\u00e9decins du service de pneumologie du CHU de Tours sont form\u00e9s \u00e0 la pratique de la bronchoscopie rigide, qui se d\u00e9roule sous anesth\u00e9sie g\u00e9n\u00e9rale et permet la pose de proth\u00e8se endobronchique.\u00a0<\/p><p>La majorit\u00e9 des traitements se d\u00e9roule en ambulatoire en h\u00f4pital de jour de Pneumologie. \u00a0\u00a0\u00a0<\/p><p>Il est fr\u00e9quemment propos\u00e9 au patient de participer \u00e0 des essais cliniques via notamment l\u2019Intergroupe Fran\u00e7ais de Canc\u00e9rologie Thoracique (IFCT <a href=\"http:\/\/www.ifct.fr\/index.php\/fr\/\" target=\"_blank\" rel=\"noopener\">http:\/\/www.ifct.fr\/index.php\/fr\/<\/a>). Le patient est libre de participer ou non \u00e0 ces essais qui peuvent lui permettre l\u2019acc\u00e8s \u00e0 des th\u00e9rapies innovantes. Depuis plusieurs ann\u00e9es, le service de Pneumologie fait parti des premiers centres inclueurs dans des essais cliniques au m\u00eame titre que d\u2019autres centres fran\u00e7ais de r\u00e9putation internationale. Trois infirmi\u00e8res ou attach\u00e9s de recherche clinique travaillent en collaboration avec les m\u00e9decins et en contact avec les patients qui ont souhait\u00e9s participer \u00e0 des protocoles de recherche clinique.<\/p><p>L\u2019accompagnement du patient est organis\u00e9 autour de la consultation d\u2019annonce, d\u2019une psychologue pr\u00e9sente dans le service mais \u00e9galement en collaboration avec le centre de la douleur, les soins de support, l\u2019\u00e9quipe de tabacologie et les consultations de maladies professionnelles\u2026 Le service est bien s\u00fbr impliqu\u00e9 dans le r\u00e9seau Oncocentre et Onco37.<\/p><p>Le cancer pulmonaire n\u2019est pas notre seule pr\u00e9occupation. Les m\u00e9decins prennent aussi en charge les autres cancers du thorax\u00a0: tumeurs du thymus et m\u00e9soth\u00e9liome&#8230; Le service de Pneumologie du CHU de Tours fait partie des 12 centres experts r\u00e9gionaux dans le cadre de la prise en charge des tumeurs du thymus (RYTHMIC \u00a0<a href=\"http:\/\/www.rythmic.org\/01\/\" target=\"_blank\" rel=\"noopener\">http:\/\/www.rythmic.org\/01\/<\/a>) et travaille en lien avec le r\u00e9seau Rythmic en tant que centre interr\u00e9gional.\u00a0 Les dossiers sont syst\u00e9matiquement pr\u00e9sent\u00e9s en audio et visioconf\u00e9rence avec le centre expert national \u00e0 l\u2019institut Gustave Roussy en collaboration avec le centre Berard \u00e0 Lyon.<\/p>\t\t\t\t\t\t<\/div>\n\t\t\t\t<\/div>\n\t\t\t\t\t<\/div>\n\t\t<\/div>\n\t\t\t\t\t<\/div>\n\t\t<\/section>\n\t\t\t\t<\/div>\n\t\t","protected":false},"excerpt":{"rendered":"<p>Home Pr\u00e9sentation des cancers du poumon Le cancer broncho-pulmonaire est un des cancers les plus fr\u00e9quents avec pr\u00e8s de 39000 nouveaux cas par an en France. L\u2019\u00e9quipe de Pneumologie du CHU de Tours prend en charge environ 350 nouveaux patients par an. Le tabac est le premier facteur de risque de ce cancer. La pr\u00e9vention [&hellip;]<\/p>\n","protected":false},"author":4,"featured_media":0,"parent":0,"menu_order":0,"comment_status":"closed","ping_status":"closed","template":"","meta":{"_seopress_robots_primary_cat":"","_seopress_titles_title":"CHRU de Tours. Pr\u00e9sentation des cancers du poumon.","_seopress_titles_desc":"Le cancer broncho-pulmonaire est un des cancers les plus fr\u00e9quents avec pr\u00e8s de 39000 nouveaux cas par an en France. L\u2019\u00e9quipe de Pneumologie du CHU de Tours prend en charge environ 350 nouveaux patients par an.","_seopress_robots_index":"","_exactmetrics_skip_tracking":false,"_exactmetrics_sitenote_active":false,"_exactmetrics_sitenote_note":"","_exactmetrics_sitenote_category":0,"_genesis_hide_title":false,"_genesis_hide_breadcrumbs":false,"_genesis_hide_singular_image":false,"_genesis_hide_footer_widgets":false,"_genesis_custom_body_class":"","_genesis_custom_post_class":"","_genesis_layout":"","footnotes":""},"publishpress_future_action":{"enabled":false,"date":"2026-05-07 09:13:23","action":"change-status","newStatus":"draft","terms":[],"taxonomy":""},"_links":{"self":[{"href":"https:\/\/www.chu-tours.fr\/cancerologie\/wp-json\/wp\/v2\/pages\/187"}],"collection":[{"href":"https:\/\/www.chu-tours.fr\/cancerologie\/wp-json\/wp\/v2\/pages"}],"about":[{"href":"https:\/\/www.chu-tours.fr\/cancerologie\/wp-json\/wp\/v2\/types\/page"}],"author":[{"embeddable":true,"href":"https:\/\/www.chu-tours.fr\/cancerologie\/wp-json\/wp\/v2\/users\/4"}],"replies":[{"embeddable":true,"href":"https:\/\/www.chu-tours.fr\/cancerologie\/wp-json\/wp\/v2\/comments?post=187"}],"version-history":[{"count":5,"href":"https:\/\/www.chu-tours.fr\/cancerologie\/wp-json\/wp\/v2\/pages\/187\/revisions"}],"predecessor-version":[{"id":583,"href":"https:\/\/www.chu-tours.fr\/cancerologie\/wp-json\/wp\/v2\/pages\/187\/revisions\/583"}],"wp:attachment":[{"href":"https:\/\/www.chu-tours.fr\/cancerologie\/wp-json\/wp\/v2\/media?parent=187"}],"curies":[{"name":"wp","href":"https:\/\/api.w.org\/{rel}","templated":true}]}}