{"id":179,"date":"2020-10-09T16:36:11","date_gmt":"2020-10-09T14:36:11","guid":{"rendered":"https:\/\/www.chu-tours.fr\/cancerologie\/?page_id=179"},"modified":"2020-10-29T09:52:16","modified_gmt":"2020-10-29T08:52:16","slug":"les-cancers-des-parties-molles","status":"publish","type":"page","link":"https:\/\/www.chu-tours.fr\/cancerologie\/les-cancers-des-parties-molles\/","title":{"rendered":"Les cancers des parties molles"},"content":{"rendered":"\t\t<div data-elementor-type=\"wp-page\" data-elementor-id=\"179\" class=\"elementor elementor-179\" data-elementor-post-type=\"page\">\n\t\t\t\t\t\t<section class=\"elementor-section elementor-top-section elementor-element elementor-element-9842fd4 elementor-section-boxed elementor-section-height-default elementor-section-height-default\" data-id=\"9842fd4\" data-element_type=\"section\">\n\t\t\t\t\t\t<div class=\"elementor-container elementor-column-gap-default\">\n\t\t\t\t\t<div class=\"elementor-column elementor-col-100 elementor-top-column elementor-element elementor-element-1e2e347\" data-id=\"1e2e347\" data-element_type=\"column\">\n\t\t\t<div class=\"elementor-widget-wrap\">\n\t\t\t\t\t\t\t<\/div>\n\t\t<\/div>\n\t\t\t\t\t<\/div>\n\t\t<\/section>\n\t\t\t\t<section class=\"elementor-section elementor-top-section elementor-element elementor-element-6b8e5872 elementor-section-boxed elementor-section-height-default elementor-section-height-default\" data-id=\"6b8e5872\" data-element_type=\"section\">\n\t\t\t\t\t\t<div class=\"elementor-container elementor-column-gap-default\">\n\t\t\t\t\t<div class=\"elementor-column elementor-col-100 elementor-top-column elementor-element elementor-element-6126c842\" data-id=\"6126c842\" data-element_type=\"column\">\n\t\t\t<div class=\"elementor-widget-wrap elementor-element-populated\">\n\t\t\t\t\t\t<div class=\"elementor-element elementor-element-5b7d4769 elementor-widget elementor-widget-heading\" data-id=\"5b7d4769\" data-element_type=\"widget\" data-widget_type=\"heading.default\">\n\t\t\t\t<div class=\"elementor-widget-container\">\n\t\t\t<h2 class=\"elementor-heading-title elementor-size-default\">Pr\u00e9sentation des cancers des parties molles<\/h2>\t\t<\/div>\n\t\t\t\t<\/div>\n\t\t\t\t<div class=\"elementor-element elementor-element-2901b432 elementor-widget elementor-widget-text-editor\" data-id=\"2901b432\" data-element_type=\"widget\" data-widget_type=\"text-editor.default\">\n\t\t\t\t<div class=\"elementor-widget-container\">\n\t\t\t\t\t\t\t<p>Les <strong>sarcomes des tissus mous<\/strong>(STM) sont des tumeurs malignes qui se d\u00e9veloppent au d\u00e9pends des tissus de soutien comme la graisse, le muscle, les vaisseaux, les tissus fibreux\u2026<\/p><p><br \/>Il y a environ 5000 nouveaux cas par an en France. Les STM peuvent survenir \u00e0 tout \u00e2ge et leur risque de survenue augmente avec l\u2019\u00e2ge. Les STM se d\u00e9veloppent pr\u00e9f\u00e9rentiellement aux membres inf\u00e9rieurs mais on peut les retrouver dans toutes les localisations.<br \/>Il s\u2019agit g\u00e9n\u00e9ralement d\u2019une \u00ab\u00a0boule\u00a0\u00bb, souvent peu ou pas douloureuse, qui augmente de taille depuis quelques semaines \u00e0 quelques ann\u00e9es. Il n\u2019y a g\u00e9n\u00e9ralement pas de signes associ\u00e9s\u00a0: la douleur ou une fatigue importante sont peu fr\u00e9quentes. \u00a0\u00a0\u00a0\u00a0\u00a0\u00a0\u00a0\u00a0\u00a0\u00a0\u00a0\u00a0\u00a0\u00a0\u00a0\u00a0\u00a0\u00a0\u00a0\u00a0\u00a0\u00a0\u00a0\u00a0\u00a0\u00a0\u00a0\u00a0\u00a0\u00a0\u00a0\u00a0\u00a0\u00a0\u00a0\u00a0\u00a0\u00a0\u00a0\u00a0\u00a0\u00a0\u00a0\u00a0\u00a0\u00a0\u00a0\u00a0\u00a0\u00a0\u00a0\u00a0\u00a0\u00a0\u00a0\u00a0\u00a0\u00a0\u00a0\u00a0\u00a0\u00a0\u00a0\u00a0\u00a0\u00a0\u00a0\u00a0\u00a0\u00a0\u00a0\u00a0\u00a0\u00a0\u00a0\u00a0\u00a0\u00a0\u00a0\u00a0\u00a0\u00a0\u00a0\u00a0\u00a0\u00a0\u00a0\u00a0\u00a0\u00a0\u00a0\u00a0\u00a0\u00a0\u00a0\u00a0\u00a0\u00a0\u00a0\u00a0\u00a0\u00a0\u00a0\u00a0\u00a0\u00a0\u00a0\u00a0\u00a0\u00a0\u00a0\u00a0\u00a0\u00a0\u00a0\u00a0\u00a0\u00a0\u00a0\u00a0\u00a0\u00a0\u00a0\u00a0\u00a0\u00a0\u00a0\u00a0\u00a0\u00a0\u00a0\u00a0\u00a0\u00a0\u00a0\u00a0\u00a0\u00a0\u00a0\u00a0\u00a0\u00a0\u00a0\u00a0\u00a0\u00a0\u00a0\u00a0\u00a0\u00a0\u00a0<\/p>\t\t\t\t\t\t<\/div>\n\t\t\t\t<\/div>\n\t\t\t\t\t<\/div>\n\t\t<\/div>\n\t\t\t\t\t<\/div>\n\t\t<\/section>\n\t\t\t\t<section class=\"elementor-section elementor-top-section elementor-element elementor-element-156bc039 elementor-section-boxed elementor-section-height-default elementor-section-height-default\" data-id=\"156bc039\" data-element_type=\"section\">\n\t\t\t\t\t\t<div class=\"elementor-container elementor-column-gap-default\">\n\t\t\t\t\t<div class=\"elementor-column elementor-col-50 elementor-top-column elementor-element elementor-element-32cf4f82\" data-id=\"32cf4f82\" data-element_type=\"column\">\n\t\t\t<div class=\"elementor-widget-wrap elementor-element-populated\">\n\t\t\t\t\t\t<div class=\"elementor-element elementor-element-6ca7dbcb elementor-widget elementor-widget-image\" data-id=\"6ca7dbcb\" data-element_type=\"widget\" data-widget_type=\"image.default\">\n\t\t\t\t<div class=\"elementor-widget-container\">\n\t\t\t\t\t\t\t\t\t\t\t\t\t\t<a href=\"https:\/\/www.chu-tours.fr\/cancerologie\/wp-content\/uploads\/sites\/4\/2020\/10\/exemple_cancer_parties_molles.png\" data-elementor-open-lightbox=\"yes\" data-elementor-lightbox-title=\"exemple_cancer_parties_molles.png\" data-e-action-hash=\"#elementor-action%3Aaction%3Dlightbox%26settings%3DeyJpZCI6MTc0LCJ1cmwiOiJodHRwczpcL1wvd3d3LmNodS10b3Vycy5mclwvY2FuY2Vyb2xvZ2llXC93cC1jb250ZW50XC91cGxvYWRzXC9zaXRlc1wvNFwvMjAyMFwvMTBcL2V4ZW1wbGVfY2FuY2VyX3BhcnRpZXNfbW9sbGVzLnBuZyJ9\">\n\t\t\t\t\t\t\t<img fetchpriority=\"high\" decoding=\"async\" width=\"208\" height=\"300\" src=\"https:\/\/www.chu-tours.fr\/cancerologie\/wp-content\/uploads\/sites\/4\/2020\/10\/exemple_cancer_parties_molles-208x300.png\" class=\"attachment-medium size-medium wp-image-174\" alt=\"\" srcset=\"https:\/\/www.chu-tours.fr\/cancerologie\/wp-content\/uploads\/sites\/4\/2020\/10\/exemple_cancer_parties_molles-208x300.png 208w, https:\/\/www.chu-tours.fr\/cancerologie\/wp-content\/uploads\/sites\/4\/2020\/10\/exemple_cancer_parties_molles.png 251w\" sizes=\"(max-width: 208px) 100vw, 208px\" \/>\t\t\t\t\t\t\t\t<\/a>\n\t\t\t\t\t\t\t\t\t\t\t\t\t<\/div>\n\t\t\t\t<\/div>\n\t\t\t\t<div class=\"elementor-element elementor-element-438995c8 elementor-widget elementor-widget-image\" data-id=\"438995c8\" data-element_type=\"widget\" data-widget_type=\"image.default\">\n\t\t\t\t<div class=\"elementor-widget-container\">\n\t\t\t\t\t\t\t\t\t\t\t\t\t\t<a href=\"https:\/\/www.chu-tours.fr\/cancerologie\/wp-content\/uploads\/sites\/4\/2020\/10\/imagerie_cancer_parties_molles.jpg\" data-elementor-open-lightbox=\"yes\" data-elementor-lightbox-title=\"imagerie_cancer_parties_molles.jpg\" data-e-action-hash=\"#elementor-action%3Aaction%3Dlightbox%26settings%3DeyJpZCI6MTc1LCJ1cmwiOiJodHRwczpcL1wvd3d3LmNodS10b3Vycy5mclwvY2FuY2Vyb2xvZ2llXC93cC1jb250ZW50XC91cGxvYWRzXC9zaXRlc1wvNFwvMjAyMFwvMTBcL2ltYWdlcmllX2NhbmNlcl9wYXJ0aWVzX21vbGxlcy5qcGcifQ%3D%3D\">\n\t\t\t\t\t\t\t<img decoding=\"async\" width=\"300\" height=\"199\" src=\"https:\/\/www.chu-tours.fr\/cancerologie\/wp-content\/uploads\/sites\/4\/2020\/10\/imagerie_cancer_parties_molles-300x199.jpg\" class=\"attachment-medium size-medium wp-image-175\" alt=\"\" srcset=\"https:\/\/www.chu-tours.fr\/cancerologie\/wp-content\/uploads\/sites\/4\/2020\/10\/imagerie_cancer_parties_molles-300x199.jpg 300w, https:\/\/www.chu-tours.fr\/cancerologie\/wp-content\/uploads\/sites\/4\/2020\/10\/imagerie_cancer_parties_molles-768x509.jpg 768w, https:\/\/www.chu-tours.fr\/cancerologie\/wp-content\/uploads\/sites\/4\/2020\/10\/imagerie_cancer_parties_molles.jpg 953w\" sizes=\"(max-width: 300px) 100vw, 300px\" \/>\t\t\t\t\t\t\t\t<\/a>\n\t\t\t\t\t\t\t\t\t\t\t\t\t<\/div>\n\t\t\t\t<\/div>\n\t\t\t\t\t<\/div>\n\t\t<\/div>\n\t\t\t\t<div class=\"elementor-column elementor-col-50 elementor-top-column elementor-element elementor-element-29bb70a\" data-id=\"29bb70a\" data-element_type=\"column\">\n\t\t\t<div class=\"elementor-widget-wrap elementor-element-populated\">\n\t\t\t\t\t\t<div class=\"elementor-element elementor-element-5a96b77 elementor-widget elementor-widget-text-editor\" data-id=\"5a96b77\" data-element_type=\"widget\" data-widget_type=\"text-editor.default\">\n\t\t\t\t<div class=\"elementor-widget-container\">\n\t\t\t\t\t\t\t<h3>La prise en charge d\u00e9bute par le diagnostic<\/h3><p>Cette \u00ab\u00a0boule\u00a0\u00bb doit \u00eatre caract\u00e9ris\u00e9e par des examens <strong>d\u2019imagerie<\/strong>\u00a0: une \u00e9chographie et\/ou une IRM (examen permettant d\u2019analyser finement les tissus mous). <br \/>Le dossier du patient est alors discut\u00e9 en <strong>R\u00e9union de Concertation Pluri Disciplinaire\u00a0<\/strong>(RCP) qui comprend des m\u00e9decins experts en sarcome de diff\u00e9rentes sp\u00e9cialit\u00e9s\u00a0: radiologues, chirurgiens orthop\u00e9distes, anatomopathologistes, oncologues, radioth\u00e9rapeutes, rhumatologues, chirurgiens plasticiens, chirurgiens digestifs.<br \/>Il est g\u00e9n\u00e9ralement n\u00e9cessaire ensuite de r\u00e9aliser une <strong>biopsie<\/strong>\u00a0dans un des centres expert en sarcome, dont le CHRU de Tours fait partie: examen qui consiste \u00e0 pr\u00e9lever un petit fragment tumoral qui est analys\u00e9 par un m\u00e9decin anatomopathologiste expert en sarcome.<\/p><p>Cette biopsie est souvent percutan\u00e9e (c\u2019est \u00e0 dire sans ouvrir la peau), sous anesth\u00e9sie locale sous \u00e9chographie lors d\u2019une consultation avec le m\u00e9decin radiologue. Elle est parfois chirurgicale (intervention chirurgicale), sous anesth\u00e9sie g\u00e9n\u00e9rale ou locor\u00e9gionale, lors d\u2019une hospitalisation courte.<\/p>\t\t\t\t\t\t<\/div>\n\t\t\t\t<\/div>\n\t\t\t\t\t<\/div>\n\t\t<\/div>\n\t\t\t\t\t<\/div>\n\t\t<\/section>\n\t\t\t\t<section class=\"elementor-section elementor-top-section elementor-element elementor-element-7fef4483 elementor-section-boxed elementor-section-height-default elementor-section-height-default\" data-id=\"7fef4483\" data-element_type=\"section\">\n\t\t\t\t\t\t<div class=\"elementor-container elementor-column-gap-default\">\n\t\t\t\t\t<div class=\"elementor-column elementor-col-50 elementor-top-column elementor-element elementor-element-fde306c\" data-id=\"fde306c\" data-element_type=\"column\">\n\t\t\t<div class=\"elementor-widget-wrap elementor-element-populated\">\n\t\t\t\t\t\t<div class=\"elementor-element elementor-element-4112efe4 elementor-widget elementor-widget-text-editor\" data-id=\"4112efe4\" data-element_type=\"widget\" data-widget_type=\"text-editor.default\">\n\t\t\t\t<div class=\"elementor-widget-container\">\n\t\t\t\t\t\t\t<h3>Prise en charge th\u00e9rapeutique<\/h3><p>Elle est d\u00e9cid\u00e9e en R\u00e9union de Concertation Pluri Disciplinaire(RCP) avec les r\u00e9sultats de la biopsie. Le patient est re\u00e7u en consultation par le chirurgien pour lui expliquer la prise en charge. Une demande d\u2019affection longue dur\u00e9e (ALD) est faite par le m\u00e9decin traitant.<\/p><p>Une intervention chirurgicale est r\u00e9alis\u00e9e. Elle consiste \u00e0 retirer la tumeur en un bloc (r\u00e9section carcinologique), sans l\u2019ouvrir et en passant \u00e0 distance. Il s\u2019agit d\u2019une intervention qui requiert de l\u2019exp\u00e9rience et une expertise en sarcome. La pi\u00e8ce op\u00e9ratoire est analys\u00e9e par le m\u00e9decin anatomopathologiste.<\/p><p>Un traitement compl\u00e9mentaire par radioth\u00e9rapie externe peut \u00eatre n\u00e9cessaire en compl\u00e9ment une fois la cicatrisation acquise. Parfois cette radioth\u00e9rapie est r\u00e9alis\u00e9e avant l\u2019intervention. Plus rarement une chimioth\u00e9rapie est \u00e9galement n\u00e9cessaire.<\/p><h3>Suivi<\/h3><p>Tous les patients pris en charge pour un STM sont\u00a0g\u00e9n\u00e9ralement suivis pour une dur\u00e9e de 5 \u00e0 10 ans apr\u00e8s la chirurgie, avec des examens r\u00e9guliers qui peuvent \u00eatre faits pr\u00e8s du domicile.<\/p><p>Il n\u2019y a pas de facteur favorisant l\u2019apparition des STM connu \u00e0 ce jour. Aussi, nous demandons aux patients leur accord pour que des recherches (anonymes) soient r\u00e9alis\u00e9es sur les donn\u00e9es cliniques et\/ou anatomopathologiques. La prise en charge diagnostique et le traitement r\u00e9alis\u00e9s en centre de r\u00e9f\u00e9rence de prise en charge des sarcomes augmentent les chances de gu\u00e9rison.<\/p><blockquote><p>Nous recommandons un bilan clinique aupr\u00e8s du m\u00e9decin traitant et la r\u00e9alisation d\u2019une \u00e9chographie et d\u2019une IRM pour toute \u00ab\u00a0boule\u00a0\u00bb dont la taille est sup\u00e9rieure \u00e0 celle d\u2019une balle de golf.<\/p><\/blockquote>\t\t\t\t\t\t<\/div>\n\t\t\t\t<\/div>\n\t\t\t\t\t<\/div>\n\t\t<\/div>\n\t\t\t\t<div class=\"elementor-column elementor-col-50 elementor-top-column elementor-element elementor-element-6dcb1917\" data-id=\"6dcb1917\" data-element_type=\"column\">\n\t\t\t<div class=\"elementor-widget-wrap elementor-element-populated\">\n\t\t\t\t\t\t<div class=\"elementor-element elementor-element-4e796d16 elementor-widget elementor-widget-image\" data-id=\"4e796d16\" data-element_type=\"widget\" data-widget_type=\"image.default\">\n\t\t\t\t<div class=\"elementor-widget-container\">\n\t\t\t\t\t\t\t\t\t\t\t\t\t\t<a href=\"https:\/\/www.chu-tours.fr\/cancerologie\/wp-content\/uploads\/sites\/4\/2020\/10\/balle_de_golf.png\" data-elementor-open-lightbox=\"yes\" data-elementor-lightbox-title=\"balle_de_golf.png\" data-e-action-hash=\"#elementor-action%3Aaction%3Dlightbox%26settings%3DeyJpZCI6MTc2LCJ1cmwiOiJodHRwczpcL1wvd3d3LmNodS10b3Vycy5mclwvY2FuY2Vyb2xvZ2llXC93cC1jb250ZW50XC91cGxvYWRzXC9zaXRlc1wvNFwvMjAyMFwvMTBcL2JhbGxlX2RlX2dvbGYucG5nIn0%3D\">\n\t\t\t\t\t\t\t<img decoding=\"async\" width=\"150\" height=\"150\" src=\"https:\/\/www.chu-tours.fr\/cancerologie\/wp-content\/uploads\/sites\/4\/2020\/10\/balle_de_golf-150x150.png\" class=\"attachment-thumbnail size-thumbnail wp-image-176\" alt=\"\" srcset=\"https:\/\/www.chu-tours.fr\/cancerologie\/wp-content\/uploads\/sites\/4\/2020\/10\/balle_de_golf-150x150.png 150w, https:\/\/www.chu-tours.fr\/cancerologie\/wp-content\/uploads\/sites\/4\/2020\/10\/balle_de_golf-40x40.png 40w\" sizes=\"(max-width: 150px) 100vw, 150px\" \/>\t\t\t\t\t\t\t\t<\/a>\n\t\t\t\t\t\t\t\t\t\t\t\t\t<\/div>\n\t\t\t\t<\/div>\n\t\t\t\t\t<\/div>\n\t\t<\/div>\n\t\t\t\t\t<\/div>\n\t\t<\/section>\n\t\t\t\t<section class=\"elementor-section elementor-top-section elementor-element elementor-element-38c0bf0a elementor-section-boxed elementor-section-height-default elementor-section-height-default\" data-id=\"38c0bf0a\" data-element_type=\"section\">\n\t\t\t\t\t\t<div class=\"elementor-container elementor-column-gap-default\">\n\t\t\t\t\t<div class=\"elementor-column elementor-col-100 elementor-top-column elementor-element elementor-element-4612f565\" data-id=\"4612f565\" data-element_type=\"column\">\n\t\t\t<div class=\"elementor-widget-wrap elementor-element-populated\">\n\t\t\t\t\t\t<div class=\"elementor-element elementor-element-7af7a9bf elementor-widget elementor-widget-text-editor\" data-id=\"7af7a9bf\" data-element_type=\"widget\" data-widget_type=\"text-editor.default\">\n\t\t\t\t<div class=\"elementor-widget-container\">\n\t\t\t\t\t\t\t<h3>Que faire en cas de tumeur des parties molles ?<\/h3><p>Il est n\u00e9cessaire d\u2019adresser le dossier d\u2019imagerie contenant notamment\u00a0:<\/p><ul><li>l\u2019IRM avec le CD rom et le compte rendu,<\/li><li>un courrier du m\u00e9decin traitant comprenant un bref rappel clinique, les ant\u00e9c\u00e9dents m\u00e9dicaux et chirurgicaux, les traitements habituel notamment la prise d\u2019anticoagulants, d\u2019antiagr\u00e9gants plaquettaires.<\/li><\/ul><p>Le dossier sera discut\u00e9 en RCP le mardi qui suit la r\u00e9ception. Un courrier est ensuite adress\u00e9 au m\u00e9decin avec double au patient dans les jours qui suivent, pr\u00e9cisant la prise en charge propos\u00e9e avec les rendez-vous pr\u00e9vus si n\u00e9cessaire.<\/p>\t\t\t\t\t\t<\/div>\n\t\t\t\t<\/div>\n\t\t\t\t\t<\/div>\n\t\t<\/div>\n\t\t\t\t\t<\/div>\n\t\t<\/section>\n\t\t\t\t<\/div>\n\t\t","protected":false},"excerpt":{"rendered":"<p>Home Pr\u00e9sentation des cancers des parties molles Les sarcomes des tissus mous(STM) sont des tumeurs malignes qui se d\u00e9veloppent au d\u00e9pends des tissus de soutien comme la graisse, le muscle, les vaisseaux, les tissus fibreux\u2026 Il y a environ 5000 nouveaux cas par an en France. Les STM peuvent survenir \u00e0 tout \u00e2ge et leur [&hellip;]<\/p>\n","protected":false},"author":4,"featured_media":0,"parent":0,"menu_order":0,"comment_status":"closed","ping_status":"closed","template":"","meta":{"_seopress_robots_primary_cat":"","_seopress_titles_title":"CHRU de Tours. Pr\u00e9sentation des cancers des parties molles.","_seopress_titles_desc":"Les sarcomes des tissus mous (STM) sont des tumeurs malignes qui se d\u00e9veloppent au d\u00e9pends des tissus de soutien comme la graisse, le muscle, les vaisseaux, les tissus fibreux\u2026","_seopress_robots_index":"","_exactmetrics_skip_tracking":false,"_exactmetrics_sitenote_active":false,"_exactmetrics_sitenote_note":"","_exactmetrics_sitenote_category":0,"_genesis_hide_title":false,"_genesis_hide_breadcrumbs":false,"_genesis_hide_singular_image":false,"_genesis_hide_footer_widgets":false,"_genesis_custom_body_class":"","_genesis_custom_post_class":"","_genesis_layout":"","footnotes":""},"publishpress_future_action":{"enabled":false,"date":"2026-05-07 11:55:02","action":"change-status","newStatus":"draft","terms":[],"taxonomy":""},"_links":{"self":[{"href":"https:\/\/www.chu-tours.fr\/cancerologie\/wp-json\/wp\/v2\/pages\/179"}],"collection":[{"href":"https:\/\/www.chu-tours.fr\/cancerologie\/wp-json\/wp\/v2\/pages"}],"about":[{"href":"https:\/\/www.chu-tours.fr\/cancerologie\/wp-json\/wp\/v2\/types\/page"}],"author":[{"embeddable":true,"href":"https:\/\/www.chu-tours.fr\/cancerologie\/wp-json\/wp\/v2\/users\/4"}],"replies":[{"embeddable":true,"href":"https:\/\/www.chu-tours.fr\/cancerologie\/wp-json\/wp\/v2\/comments?post=179"}],"version-history":[{"count":5,"href":"https:\/\/www.chu-tours.fr\/cancerologie\/wp-json\/wp\/v2\/pages\/179\/revisions"}],"predecessor-version":[{"id":581,"href":"https:\/\/www.chu-tours.fr\/cancerologie\/wp-json\/wp\/v2\/pages\/179\/revisions\/581"}],"wp:attachment":[{"href":"https:\/\/www.chu-tours.fr\/cancerologie\/wp-json\/wp\/v2\/media?parent=179"}],"curies":[{"name":"wp","href":"https:\/\/api.w.org\/{rel}","templated":true}]}}