{"id":133,"date":"2020-10-09T15:54:13","date_gmt":"2020-10-09T13:54:13","guid":{"rendered":"https:\/\/www.chu-tours.fr\/cancerologie\/?page_id=133"},"modified":"2020-10-29T09:48:53","modified_gmt":"2020-10-29T08:48:53","slug":"les-tumeurs-osseuses","status":"publish","type":"page","link":"https:\/\/www.chu-tours.fr\/cancerologie\/les-tumeurs-osseuses\/","title":{"rendered":"Les tumeurs osseuses"},"content":{"rendered":"\t\t<div data-elementor-type=\"wp-page\" data-elementor-id=\"133\" class=\"elementor elementor-133\" data-elementor-post-type=\"page\">\n\t\t\t\t\t\t<section class=\"elementor-section elementor-top-section elementor-element elementor-element-9561078 elementor-section-boxed elementor-section-height-default elementor-section-height-default\" data-id=\"9561078\" data-element_type=\"section\">\n\t\t\t\t\t\t<div class=\"elementor-container elementor-column-gap-default\">\n\t\t\t\t\t<div class=\"elementor-column elementor-col-100 elementor-top-column elementor-element elementor-element-2659e08\" data-id=\"2659e08\" data-element_type=\"column\">\n\t\t\t<div class=\"elementor-widget-wrap\">\n\t\t\t\t\t\t\t<\/div>\n\t\t<\/div>\n\t\t\t\t\t<\/div>\n\t\t<\/section>\n\t\t\t\t<section class=\"elementor-section elementor-top-section elementor-element elementor-element-513f2b8f elementor-section-boxed elementor-section-height-default elementor-section-height-default\" data-id=\"513f2b8f\" data-element_type=\"section\">\n\t\t\t\t\t\t<div class=\"elementor-container elementor-column-gap-default\">\n\t\t\t\t\t<div class=\"elementor-column elementor-col-100 elementor-top-column elementor-element elementor-element-31d96f93\" data-id=\"31d96f93\" data-element_type=\"column\">\n\t\t\t<div class=\"elementor-widget-wrap elementor-element-populated\">\n\t\t\t\t\t\t<div class=\"elementor-element elementor-element-5db644d5 elementor-widget elementor-widget-heading\" data-id=\"5db644d5\" data-element_type=\"widget\" data-widget_type=\"heading.default\">\n\t\t\t\t<div class=\"elementor-widget-container\">\n\t\t\t<h2 class=\"elementor-heading-title elementor-size-default\">Pr\u00e9sentation des tumeurs osseuses<\/h2>\t\t<\/div>\n\t\t\t\t<\/div>\n\t\t\t\t\t<\/div>\n\t\t<\/div>\n\t\t\t\t\t<\/div>\n\t\t<\/section>\n\t\t\t\t<section class=\"elementor-section elementor-top-section elementor-element elementor-element-41e7a0d4 elementor-section-boxed elementor-section-height-default elementor-section-height-default\" data-id=\"41e7a0d4\" data-element_type=\"section\">\n\t\t\t\t\t\t<div class=\"elementor-container elementor-column-gap-default\">\n\t\t\t\t\t<div class=\"elementor-column elementor-col-100 elementor-top-column elementor-element elementor-element-54f834e8\" data-id=\"54f834e8\" data-element_type=\"column\">\n\t\t\t<div class=\"elementor-widget-wrap elementor-element-populated\">\n\t\t\t\t\t\t<div class=\"elementor-element elementor-element-7f8f281e elementor-widget elementor-widget-text-editor\" data-id=\"7f8f281e\" data-element_type=\"widget\" data-widget_type=\"text-editor.default\">\n\t\t\t\t<div class=\"elementor-widget-container\">\n\t\t\t\t\t\t\t<p>La majorit\u00e9 des tumeurs osseuses sont des tumeurs b\u00e9nignes. Mais il existe \u00e9galement des <strong>tumeurs osseuses malignes\u00a0<\/strong>qui comportent 2 groupes\u00a0: les tumeurs \u00ab\u00a0primitives\u00a0\u00bb et les m\u00e9tastases osseuses ou \u00ab\u00a0secondaires\u00a0\u00bb. Les tumeurs osseuses primitives malignessont essentiellement repr\u00e9sent\u00e9es par l\u2019ost\u00e9osarcome, le sarcome d\u2019Ewing et le chondrosarcome.\u00a0 Elles sont rares.<\/p><p><strong>L\u2019ost\u00e9osarcome<\/strong> et le <strong>sarcome d\u2019Ewing\u00a0<\/strong>atteignent principalement l\u2019adolescent et l\u2019adulte jeune. Ils sont r\u00e9v\u00e9l\u00e9s le plus souvent par des douleurs, qui \u00e9voluent depuis plusieurs semaines, et parfois de la fi\u00e8vre pour le sarcome d\u2019Ewing. Apr\u00e8s le diagnostic fait par la biopsie, le traitement comporte toujours une chimioth\u00e9rapie dite n\u00e9oadjuvante, puis une intervention chirurgicale pour retirer la tumeur en totalit\u00e9, en un bloc, avec une marge de tissu sain en p\u00e9riph\u00e9rie, puis une chimioth\u00e9rapie dite adjuvante. Pour le Sarcome d\u2019Ewing, la radioth\u00e9rapie peut \u00eatre n\u00e9cessaire, \u00e0 la place ou en compl\u00e9ment de la chirurgie. Le traitement global dure en moyenne 8 \u00e0 12 mois.<\/p><p>Le <b>chondrosarcome<\/b> touche principalement l\u2019adulte \u00e0 partir de 40 ans. Il se r\u00e9v\u00e8le souvent par des douleurs. Il peut survenir sur l\u2019ensemble du squelette mais atteint pr\u00e9f\u00e9rentiellement le f\u00e9mur, le bassin et l\u2019hum\u00e9rus. Apr\u00e8s le diagnostic fait par la biopsie, le traitement est exclusivement chirurgical avec une ablation de la tumeur en un bloc avec une marge de s\u00e9curit\u00e9. Ces tumeurs primitives malignes\u00a0requi\u00e8rent une expertise et une exp\u00e9rience importante et sont prises en charge dans des <strong>centres experts<\/strong>, dont le CHRU de Tours fait partie.<\/p><p>Les tumeurs osseuses secondaires malignessont repr\u00e9sent\u00e9es par les m\u00e9tastases osseuses dont la prise en charge est fonction de multiples param\u00e8tres.<\/p><h3>Que faire devant une anomalie osseuse ?<\/h3><p>Toutes l\u00e9sion osseuse doit \u00eatre caract\u00e9ris\u00e9e par des radiographies standard avec un examen clinique par le m\u00e9decin traitant. Puis, en fonction, le bilan peut \u00eatre compl\u00e9t\u00e9 par un scanner et une scintigraphie osseuse. Une IRM peut \u00eatre n\u00e9cessaire ainsi qu\u2019un bilan sanguin. Si les douleurs perdurent apr\u00e8s une radiographie normale, cette IRM est recommand\u00e9e.<\/p><p>En cas d\u2019anomalie, le dossier du patient est alors discut\u00e9 en R\u00e9union de <strong>Concertation Pluri Disciplinaire<\/strong> (RCP) qui comprend des m\u00e9decins experts en tumeurs osseuses de diff\u00e9rentes sp\u00e9cialit\u00e9s\u00a0: radiologues, chirurgiens orthop\u00e9distes, anatomopathologistes, rhumatologues, oncologues, radioth\u00e9rapeutes.<\/p><p>Il peut \u00eatre n\u00e9cessaire ensuite de r\u00e9aliser une <strong>biopsie<\/strong>\u00a0dans un centre expert: examen qui consiste \u00e0 pr\u00e9lever un petit fragment tumoral qui est analys\u00e9 par un m\u00e9decin anatomopathologiste expert en tumeur osseuse. Cette biopsie est souvent chirurgicale (intervention chirurgicale), sous anesth\u00e9sie g\u00e9n\u00e9rale ou locor\u00e9gionale, lors d\u2019une hospitalisation courte. Elle peut \u00eatre \u00e9galement r\u00e9alis\u00e9e en consultation avec le m\u00e9decin radiologue, sous guidage scanner.<\/p><p>Puis la prise en charge propos\u00e9e est d\u00e9cid\u00e9e en <strong>R\u00e9union de Concertation Pluri Disciplinaire\u00a0<\/strong>(RCP).<\/p>\t\t\t\t\t\t<\/div>\n\t\t\t\t<\/div>\n\t\t\t\t\t<\/div>\n\t\t<\/div>\n\t\t\t\t\t<\/div>\n\t\t<\/section>\n\t\t\t\t<section class=\"elementor-section elementor-top-section elementor-element elementor-element-aab92fd elementor-section-boxed elementor-section-height-default elementor-section-height-default\" data-id=\"aab92fd\" data-element_type=\"section\">\n\t\t\t\t\t\t<div class=\"elementor-container elementor-column-gap-default\">\n\t\t\t\t\t<div class=\"elementor-column elementor-col-100 elementor-top-column elementor-element elementor-element-7217cfd\" data-id=\"7217cfd\" data-element_type=\"column\">\n\t\t\t<div class=\"elementor-widget-wrap elementor-element-populated\">\n\t\t\t\t\t\t<div class=\"elementor-element elementor-element-7e3ed795 elementor-widget elementor-widget-image\" data-id=\"7e3ed795\" data-element_type=\"widget\" data-widget_type=\"image.default\">\n\t\t\t\t<div class=\"elementor-widget-container\">\n\t\t\t\t\t\t\t\t\t\t<figure class=\"wp-caption\">\n\t\t\t\t\t\t\t\t\t\t<img decoding=\"async\" width=\"150\" height=\"150\" src=\"https:\/\/www.chu-tours.fr\/cancerologie\/wp-content\/uploads\/sites\/4\/2020\/10\/imagerie_cancer_de_los-150x150.png\" class=\"attachment-thumbnail size-thumbnail wp-image-136\" alt=\"\" srcset=\"https:\/\/www.chu-tours.fr\/cancerologie\/wp-content\/uploads\/sites\/4\/2020\/10\/imagerie_cancer_de_los-150x150.png 150w, https:\/\/www.chu-tours.fr\/cancerologie\/wp-content\/uploads\/sites\/4\/2020\/10\/imagerie_cancer_de_los-40x40.png 40w\" sizes=\"(max-width: 150px) 100vw, 150px\" \/>\t\t\t\t\t\t\t\t\t\t\t<figcaption class=\"widget-image-caption wp-caption-text\"><\/figcaption>\n\t\t\t\t\t\t\t\t\t\t<\/figure>\n\t\t\t\t\t\t\t<\/div>\n\t\t\t\t<\/div>\n\t\t\t\t\t<\/div>\n\t\t<\/div>\n\t\t\t\t\t<\/div>\n\t\t<\/section>\n\t\t\t\t<\/div>\n\t\t","protected":false},"excerpt":{"rendered":"<p>Home Pr\u00e9sentation des tumeurs osseuses La majorit\u00e9 des tumeurs osseuses sont des tumeurs b\u00e9nignes. Mais il existe \u00e9galement des tumeurs osseuses malignes\u00a0qui comportent 2 groupes\u00a0: les tumeurs \u00ab\u00a0primitives\u00a0\u00bb et les m\u00e9tastases osseuses ou \u00ab\u00a0secondaires\u00a0\u00bb. Les tumeurs osseuses primitives malignessont essentiellement repr\u00e9sent\u00e9es par l\u2019ost\u00e9osarcome, le sarcome d\u2019Ewing et le chondrosarcome.\u00a0 Elles sont rares. L\u2019ost\u00e9osarcome et le [&hellip;]<\/p>\n","protected":false},"author":4,"featured_media":0,"parent":0,"menu_order":0,"comment_status":"closed","ping_status":"closed","template":"","meta":{"_seopress_robots_primary_cat":"","_seopress_titles_title":"CHRU de Tours. Pr\u00e9sentation des tumeurs osseuses.","_seopress_titles_desc":"La majorit\u00e9 des tumeurs osseuses sont des tumeurs b\u00e9nignes. Mais il existe \u00e9galement des tumeurs osseuses malignes qui comportent 2 groupes : les tumeurs \u00ab primitives \u00bb et les m\u00e9tastases osseuses ou \u00ab secondaires \u00bb. Les tumeurs osseuses primitives malignes sont essentiellement repr\u00e9sent\u00e9es par l\u2019ost\u00e9osarcome, le sarcome d\u2019Ewing et le chondrosarcome.  Elles sont rares.","_seopress_robots_index":"","_exactmetrics_skip_tracking":false,"_exactmetrics_sitenote_active":false,"_exactmetrics_sitenote_note":"","_exactmetrics_sitenote_category":0,"_genesis_hide_title":false,"_genesis_hide_breadcrumbs":false,"_genesis_hide_singular_image":false,"_genesis_hide_footer_widgets":false,"_genesis_custom_body_class":"","_genesis_custom_post_class":"","_genesis_layout":"","footnotes":""},"publishpress_future_action":{"enabled":false,"date":"2026-04-30 10:27:32","action":"change-status","newStatus":"draft","terms":[],"taxonomy":""},"_links":{"self":[{"href":"https:\/\/www.chu-tours.fr\/cancerologie\/wp-json\/wp\/v2\/pages\/133"}],"collection":[{"href":"https:\/\/www.chu-tours.fr\/cancerologie\/wp-json\/wp\/v2\/pages"}],"about":[{"href":"https:\/\/www.chu-tours.fr\/cancerologie\/wp-json\/wp\/v2\/types\/page"}],"author":[{"embeddable":true,"href":"https:\/\/www.chu-tours.fr\/cancerologie\/wp-json\/wp\/v2\/users\/4"}],"replies":[{"embeddable":true,"href":"https:\/\/www.chu-tours.fr\/cancerologie\/wp-json\/wp\/v2\/comments?post=133"}],"version-history":[{"count":5,"href":"https:\/\/www.chu-tours.fr\/cancerologie\/wp-json\/wp\/v2\/pages\/133\/revisions"}],"predecessor-version":[{"id":571,"href":"https:\/\/www.chu-tours.fr\/cancerologie\/wp-json\/wp\/v2\/pages\/133\/revisions\/571"}],"wp:attachment":[{"href":"https:\/\/www.chu-tours.fr\/cancerologie\/wp-json\/wp\/v2\/media?parent=133"}],"curies":[{"name":"wp","href":"https:\/\/api.w.org\/{rel}","templated":true}]}}